{"id":45221,"date":"2022-05-19T12:38:23","date_gmt":"2022-05-19T12:38:23","guid":{"rendered":"https:\/\/g9hq0oamq8.onrocket.site\/?page_id=45221"},"modified":"2023-07-18T04:45:34","modified_gmt":"2023-07-18T04:45:34","slug":"verrocchio-institute","status":"publish","type":"page","link":"https:\/\/www.innovation.wiki\/de\/verrocchio-institute\/","title":{"rendered":"verrocchio Institute"},"content":{"rendered":"\t\t<div data-elementor-type=\"wp-page\" data-elementor-id=\"45221\" class=\"elementor elementor-45221\" data-elementor-post-type=\"page\">\n\t\t\t\t\t\t<section data-dce-background-color=\"#02010196\" data-dce-background-overlay-color=\"#3F3A3A\" data-dce-background-image-url=\"https:\/\/innovation.wiki\/wp-content\/uploads\/2023\/07\/Banner-Wiki-Teamseite.png\" class=\"elementor-section elementor-top-section elementor-element elementor-element-418b296a elementor-section-height-min-height elementor-section-boxed elementor-section-height-default elementor-section-items-middle\" data-id=\"418b296a\" data-element_type=\"section\" data-e-type=\"section\" data-settings=\"{&quot;background_background&quot;:&quot;classic&quot;}\">\n\t\t\t\t\t\t\t<div class=\"elementor-background-overlay\"><\/div>\n\t\t\t\t\t\t\t<div class=\"elementor-container elementor-column-gap-default\">\n\t\t\t\t\t<div class=\"elementor-column elementor-col-50 elementor-top-column elementor-element elementor-element-904c5ed\" data-id=\"904c5ed\" data-element_type=\"column\" data-e-type=\"column\">\n\t\t\t<div class=\"elementor-widget-wrap elementor-element-populated\">\n\t\t\t\t\t\t<div class=\"elementor-element elementor-element-426447c elementor-widget elementor-widget-spacer\" data-id=\"426447c\" data-element_type=\"widget\" data-e-type=\"widget\" data-widget_type=\"spacer.default\">\n\t\t\t\t<div class=\"elementor-widget-container\">\n\t\t\t\t\t\t\t<div class=\"elementor-spacer\">\n\t\t\t<div class=\"elementor-spacer-inner\"><\/div>\n\t\t<\/div>\n\t\t\t\t\t\t<\/div>\n\t\t\t\t<\/div>\n\t\t\t\t\t<\/div>\n\t\t<\/div>\n\t\t\t\t<div class=\"elementor-column elementor-col-50 elementor-top-column elementor-element elementor-element-0a2d58f\" data-id=\"0a2d58f\" data-element_type=\"column\" data-e-type=\"column\">\n\t\t\t<div class=\"elementor-widget-wrap elementor-element-populated\">\n\t\t\t\t\t\t<div data-dce-title-color=\"#FFFFFF\" class=\"elementor-element elementor-element-b12431d elementor-widget elementor-widget-heading\" data-id=\"b12431d\" data-element_type=\"widget\" data-e-type=\"widget\" data-widget_type=\"heading.default\">\n\t\t\t\t<div class=\"elementor-widget-container\">\n\t\t\t\t\t<h2 class=\"elementor-heading-title elementor-size-default\">Das verrocchio Institute<\/h2>\t\t\t\t<\/div>\n\t\t\t\t<\/div>\n\t\t\t\t<div data-dce-text-color=\"#FFFFFF\" class=\"elementor-element elementor-element-dcae5a7 elementor-widget elementor-widget-text-editor\" data-id=\"dcae5a7\" data-element_type=\"widget\" data-e-type=\"widget\" data-widget_type=\"text-editor.default\">\n\t\t\t\t<div class=\"elementor-widget-container\">\n\t\t\t\t\t\t\t\t\t<p>Wir nehmen Menschen mit auf die Reise Pioniere zu werden, die mit ihren Ideen die Welt ver\u00e4ndern.<\/p>\t\t\t\t\t\t\t\t<\/div>\n\t\t\t\t<\/div>\n\t\t\t\t\t<\/div>\n\t\t<\/div>\n\t\t\t\t\t<\/div>\n\t\t<\/section>\n\t\t\t\t<section class=\"elementor-section elementor-top-section elementor-element elementor-element-6e2b3d7 elementor-section-boxed elementor-section-height-default elementor-section-height-default\" data-id=\"6e2b3d7\" data-element_type=\"section\" data-e-type=\"section\">\n\t\t\t\t\t\t<div class=\"elementor-container elementor-column-gap-default\">\n\t\t\t\t\t<div class=\"elementor-column elementor-col-50 elementor-top-column elementor-element elementor-element-6fa6f24\" data-id=\"6fa6f24\" data-element_type=\"column\" data-e-type=\"column\">\n\t\t\t<div class=\"elementor-widget-wrap elementor-element-populated\">\n\t\t\t\t\t\t<div class=\"elementor-element elementor-element-9618063 elementor-widget elementor-widget-spacer\" data-id=\"9618063\" data-element_type=\"widget\" data-e-type=\"widget\" data-widget_type=\"spacer.default\">\n\t\t\t\t<div class=\"elementor-widget-container\">\n\t\t\t\t\t\t\t<div class=\"elementor-spacer\">\n\t\t\t<div class=\"elementor-spacer-inner\"><\/div>\n\t\t<\/div>\n\t\t\t\t\t\t<\/div>\n\t\t\t\t<\/div>\n\t\t\t\t<div class=\"elementor-element elementor-element-733e420 elementor-widget elementor-widget-heading\" data-id=\"733e420\" data-element_type=\"widget\" data-e-type=\"widget\" data-widget_type=\"heading.default\">\n\t\t\t\t<div class=\"elementor-widget-container\">\n\t\t\t\t\t<h2 class=\"elementor-heading-title elementor-size-default\">Unsere \u00dcberzeugung<\/h2>\t\t\t\t<\/div>\n\t\t\t\t<\/div>\n\t\t\t\t<div class=\"elementor-element elementor-element-b5fde9a elementor-widget elementor-widget-text-editor\" data-id=\"b5fde9a\" data-element_type=\"widget\" data-e-type=\"widget\" data-widget_type=\"text-editor.default\">\n\t\t\t\t<div class=\"elementor-widget-container\">\n\t\t\t\t\t\t\t\t\t<p>Wir sind der festen \u00dcberzeugung, dass jeder Mensch die Welt ver\u00e4ndern kann. Denn in jedem Menschen stecken einzigartige Ideen. Um diese zu finden und umzusetzen, braucht man nur das richtige Wissen und die richtigen Werkzeuge.<\/p><p>Um Menschen zu mehr Ideenreichtum und Innovation zu bef\u00e4higen, sammeln wir Innovationswissen, entwickeln Tools, schreiben B\u00fccher und bilden Menschen in unseren Ausbildungen zu Innovation Coaches, Scouts und Guides aus.\u00a0<\/p>\t\t\t\t\t\t\t\t<\/div>\n\t\t\t\t<\/div>\n\t\t\t\t\t<\/div>\n\t\t<\/div>\n\t\t\t\t<div class=\"elementor-column elementor-col-50 elementor-top-column elementor-element elementor-element-51f3d31\" data-id=\"51f3d31\" data-element_type=\"column\" data-e-type=\"column\">\n\t\t\t<div class=\"elementor-widget-wrap elementor-element-populated\">\n\t\t\t\t\t\t<div class=\"elementor-element elementor-element-3ea75a1 elementor-widget elementor-widget-image\" data-id=\"3ea75a1\" data-element_type=\"widget\" data-e-type=\"widget\" data-widget_type=\"image.default\">\n\t\t\t\t<div class=\"elementor-widget-container\">\n\t\t\t\t\t\t\t\t\t\t\t\t\t\t\t<img fetchpriority=\"high\" decoding=\"async\" width=\"1024\" height=\"1024\" src=\"https:\/\/www.innovation.wiki\/wp-content\/uploads\/2022\/05\/Verrocchio-Vorstellung18-1024x1024.png\" class=\"attachment-large size-large wp-image-45399\" alt=\"\" srcset=\"https:\/\/www.innovation.wiki\/wp-content\/uploads\/2022\/05\/Verrocchio-Vorstellung18-1024x1024.png 1024w, https:\/\/www.innovation.wiki\/wp-content\/uploads\/2022\/05\/Verrocchio-Vorstellung18-300x300.png 300w, https:\/\/www.innovation.wiki\/wp-content\/uploads\/2022\/05\/Verrocchio-Vorstellung18-150x150.png 150w, https:\/\/www.innovation.wiki\/wp-content\/uploads\/2022\/05\/Verrocchio-Vorstellung18-768x768.png 768w, https:\/\/www.innovation.wiki\/wp-content\/uploads\/2022\/05\/Verrocchio-Vorstellung18.png 1250w\" sizes=\"(max-width: 1024px) 100vw, 1024px\" title=\"-\">\t\t\t\t\t\t\t\t\t\t\t\t\t\t\t<\/div>\n\t\t\t\t<\/div>\n\t\t\t\t\t<\/div>\n\t\t<\/div>\n\t\t\t\t\t<\/div>\n\t\t<\/section>\n\t\t\t\t<section class=\"elementor-section elementor-top-section elementor-element elementor-element-d091854 elementor-section-boxed elementor-section-height-default elementor-section-height-default\" data-id=\"d091854\" data-element_type=\"section\" data-e-type=\"section\">\n\t\t\t\t\t\t<div class=\"elementor-container elementor-column-gap-default\">\n\t\t\t\t\t<div class=\"elementor-column elementor-col-50 elementor-top-column elementor-element elementor-element-be5066a\" data-id=\"be5066a\" data-element_type=\"column\" data-e-type=\"column\">\n\t\t\t<div class=\"elementor-widget-wrap elementor-element-populated\">\n\t\t\t\t\t\t<div class=\"elementor-element elementor-element-72d9b20 elementor-widget elementor-widget-image\" data-id=\"72d9b20\" data-element_type=\"widget\" data-e-type=\"widget\" data-widget_type=\"image.default\">\n\t\t\t\t<div class=\"elementor-widget-container\">\n\t\t\t\t\t\t\t\t\t\t\t\t\t\t\t<img decoding=\"async\" width=\"1024\" height=\"1024\" src=\"https:\/\/www.innovation.wiki\/wp-content\/uploads\/2022\/05\/Verrocchio-Vorstellung19-1024x1024.png\" class=\"attachment-large size-large wp-image-45408\" alt=\"\" srcset=\"https:\/\/www.innovation.wiki\/wp-content\/uploads\/2022\/05\/Verrocchio-Vorstellung19-1024x1024.png 1024w, https:\/\/www.innovation.wiki\/wp-content\/uploads\/2022\/05\/Verrocchio-Vorstellung19-300x300.png 300w, https:\/\/www.innovation.wiki\/wp-content\/uploads\/2022\/05\/Verrocchio-Vorstellung19-150x150.png 150w, https:\/\/www.innovation.wiki\/wp-content\/uploads\/2022\/05\/Verrocchio-Vorstellung19-768x768.png 768w, https:\/\/www.innovation.wiki\/wp-content\/uploads\/2022\/05\/Verrocchio-Vorstellung19.png 1250w\" sizes=\"(max-width: 1024px) 100vw, 1024px\" title=\"-\">\t\t\t\t\t\t\t\t\t\t\t\t\t\t\t<\/div>\n\t\t\t\t<\/div>\n\t\t\t\t\t<\/div>\n\t\t<\/div>\n\t\t\t\t<div class=\"elementor-column elementor-col-50 elementor-top-column elementor-element elementor-element-da5c631\" data-id=\"da5c631\" data-element_type=\"column\" data-e-type=\"column\">\n\t\t\t<div class=\"elementor-widget-wrap elementor-element-populated\">\n\t\t\t\t\t\t<div class=\"elementor-element elementor-element-9465569 elementor-widget elementor-widget-spacer\" data-id=\"9465569\" data-element_type=\"widget\" data-e-type=\"widget\" data-widget_type=\"spacer.default\">\n\t\t\t\t<div class=\"elementor-widget-container\">\n\t\t\t\t\t\t\t<div class=\"elementor-spacer\">\n\t\t\t<div class=\"elementor-spacer-inner\"><\/div>\n\t\t<\/div>\n\t\t\t\t\t\t<\/div>\n\t\t\t\t<\/div>\n\t\t\t\t<div class=\"elementor-element elementor-element-a49e6cf elementor-widget elementor-widget-heading\" data-id=\"a49e6cf\" data-element_type=\"widget\" data-e-type=\"widget\" data-widget_type=\"heading.default\">\n\t\t\t\t<div class=\"elementor-widget-container\">\n\t\t\t\t\t<h2 class=\"elementor-heading-title elementor-size-default\">Die Innovation Coach Ausbildung<\/h2>\t\t\t\t<\/div>\n\t\t\t\t<\/div>\n\t\t\t\t<div class=\"elementor-element elementor-element-7115d05 elementor-widget elementor-widget-text-editor\" data-id=\"7115d05\" data-element_type=\"widget\" data-e-type=\"widget\" data-widget_type=\"text-editor.default\">\n\t\t\t\t<div class=\"elementor-widget-container\">\n\t\t\t\t\t\t\t\t\t<p>Die Innovation Coach Ausbildung besteht aus drei Modulen und einer Praxisphase. Jedes Modul der\u00a0<a href=\"https:\/\/www.innovationcoach.de\/coach\/\" target=\"_blank\" rel=\"noopener external noreferrer\" data-wpel-link=\"external\"><b>Innovation Coach<\/b><\/a>\u00a0Ausbildung hat dabei einen einzigartigen Schwerpunkt.<\/p><p>Der <a href=\"https:\/\/www.innovationcoach.de\/professional\/\" target=\"_blank\" rel=\"noopener external noreferrer\" data-wpel-link=\"external\"><b>Innovation Professional<\/b><\/a>, besch\u00e4ftigt sich mit dem Thema Kreativit\u00e4t im Team, Problemdefinition, Ideenfindung und Ideenbewertung und der Umgang mit Kreativit\u00e4tsbarrieren.<\/p><p>Der\u00a0<a href=\"https:\/\/www.innovationcoach.de\/master\/\" target=\"_blank\" rel=\"noopener external noreferrer\" data-wpel-link=\"external\"><b>Innovation Master<\/b><\/a>, legt den Fokus auf Themen wie\u00a0Innovationsstrategie und Kultur, Gesch\u00e4ftsmodellentwicklung und Innovation Leadership.<\/p><p>Der\u00a0<a href=\"https:\/\/www.innovationcoach.de\/facilitator\/\" target=\"_blank\" rel=\"noopener external noreferrer\" data-wpel-link=\"external\"><b>Innovation Facilitator<\/b><\/a>\u00a0behandelt fortgeschrittene Visualisierungsmethoden und Techniken zur wirkungsvollen\u00a0Moderation von Kreativworkshops und Innovationsprojekten in Unternehmen und mit Kunden.\u00a0<\/p><p>Die intensive Auseinandersetzung mit konkreten Innovationsthemen findet in der Praxisphase statt, die individuell durch die Trainer begleitet wird.<\/p>\t\t\t\t\t\t\t\t<\/div>\n\t\t\t\t<\/div>\n\t\t\t\t\t<\/div>\n\t\t<\/div>\n\t\t\t\t\t<\/div>\n\t\t<\/section>\n\t\t\t\t<section class=\"elementor-section elementor-top-section elementor-element elementor-element-a1c7c61 elementor-section-boxed elementor-section-height-default elementor-section-height-default\" data-id=\"a1c7c61\" data-element_type=\"section\" data-e-type=\"section\">\n\t\t\t\t\t\t<div class=\"elementor-container elementor-column-gap-default\">\n\t\t\t\t\t<div class=\"elementor-column elementor-col-50 elementor-top-column elementor-element elementor-element-0054bf3\" data-id=\"0054bf3\" data-element_type=\"column\" data-e-type=\"column\">\n\t\t\t<div class=\"elementor-widget-wrap elementor-element-populated\">\n\t\t\t\t\t\t<div class=\"elementor-element elementor-element-704f4f5 elementor-widget elementor-widget-spacer\" data-id=\"704f4f5\" data-element_type=\"widget\" data-e-type=\"widget\" data-widget_type=\"spacer.default\">\n\t\t\t\t<div class=\"elementor-widget-container\">\n\t\t\t\t\t\t\t<div class=\"elementor-spacer\">\n\t\t\t<div class=\"elementor-spacer-inner\"><\/div>\n\t\t<\/div>\n\t\t\t\t\t\t<\/div>\n\t\t\t\t<\/div>\n\t\t\t\t<div class=\"elementor-element elementor-element-1f3b670 elementor-widget elementor-widget-heading\" data-id=\"1f3b670\" data-element_type=\"widget\" data-e-type=\"widget\" data-widget_type=\"heading.default\">\n\t\t\t\t<div class=\"elementor-widget-container\">\n\t\t\t\t\t<h2 class=\"elementor-heading-title elementor-size-default\">Unser Methodenwissen<\/h2>\t\t\t\t<\/div>\n\t\t\t\t<\/div>\n\t\t\t\t<div class=\"elementor-element elementor-element-f44b058 elementor-widget elementor-widget-text-editor\" data-id=\"f44b058\" data-element_type=\"widget\" data-e-type=\"widget\" data-widget_type=\"text-editor.default\">\n\t\t\t\t<div class=\"elementor-widget-container\">\n\t\t\t\t\t\t\t\t\t<p>Unsere Ausbildung zeigt, wie wertvoll die Arbeit mit Methoden sein kann, dabei kommt oft die Frage auf, wie man die beste Methode f\u00fcr aktuelle Innovationsherausforderung findet.<\/p><p>Unsere Sammlung von bew\u00e4hrten Methoden aus den Ausbildungen und unseren Projekten, haben wir bei Bedarf zur Verf\u00fcgung gestellt.<\/p><p>An einem Donnerstagabend in Florenz im M\u00e4rz 2016 entstand dann die Idee: \u201eWir erweitern unsere Sammlung und katalogisieren sie, um jederzeit und \u00fcberall alle Innovationsmethoden parat zu haben.\u201c \u2013 das Florence Innovation Project war geboren, kurz FLIP \u2013 die erste Version des heutigen Innovation Wiki.<\/p>\t\t\t\t\t\t\t\t<\/div>\n\t\t\t\t<\/div>\n\t\t\t\t\t<\/div>\n\t\t<\/div>\n\t\t\t\t<div class=\"elementor-column elementor-col-50 elementor-top-column elementor-element elementor-element-1fbfca2\" data-id=\"1fbfca2\" data-element_type=\"column\" data-e-type=\"column\">\n\t\t\t<div class=\"elementor-widget-wrap elementor-element-populated\">\n\t\t\t\t\t\t<div class=\"elementor-element elementor-element-1afe037 elementor-widget elementor-widget-image\" data-id=\"1afe037\" data-element_type=\"widget\" data-e-type=\"widget\" data-widget_type=\"image.default\">\n\t\t\t\t<div class=\"elementor-widget-container\">\n\t\t\t\t\t\t\t\t\t\t\t\t\t\t\t<img decoding=\"async\" width=\"1024\" height=\"1024\" src=\"https:\/\/www.innovation.wiki\/wp-content\/uploads\/2022\/05\/Verrocchio-Vorstellung20-1024x1024.png\" class=\"attachment-large size-large wp-image-45417\" alt=\"\" srcset=\"https:\/\/www.innovation.wiki\/wp-content\/uploads\/2022\/05\/Verrocchio-Vorstellung20-1024x1024.png 1024w, https:\/\/www.innovation.wiki\/wp-content\/uploads\/2022\/05\/Verrocchio-Vorstellung20-300x300.png 300w, https:\/\/www.innovation.wiki\/wp-content\/uploads\/2022\/05\/Verrocchio-Vorstellung20-150x150.png 150w, https:\/\/www.innovation.wiki\/wp-content\/uploads\/2022\/05\/Verrocchio-Vorstellung20-768x768.png 768w, https:\/\/www.innovation.wiki\/wp-content\/uploads\/2022\/05\/Verrocchio-Vorstellung20.png 1250w\" sizes=\"(max-width: 1024px) 100vw, 1024px\" title=\"-\">\t\t\t\t\t\t\t\t\t\t\t\t\t\t\t<\/div>\n\t\t\t\t<\/div>\n\t\t\t\t\t<\/div>\n\t\t<\/div>\n\t\t\t\t\t<\/div>\n\t\t<\/section>\n\t\t\t\t<section class=\"elementor-section elementor-top-section elementor-element elementor-element-c69aad5 elementor-section-boxed elementor-section-height-default elementor-section-height-default\" data-id=\"c69aad5\" data-element_type=\"section\" data-e-type=\"section\">\n\t\t\t\t\t\t<div class=\"elementor-container elementor-column-gap-default\">\n\t\t\t\t\t<div class=\"elementor-column elementor-col-50 elementor-top-column elementor-element elementor-element-c3bb95f\" data-id=\"c3bb95f\" data-element_type=\"column\" data-e-type=\"column\">\n\t\t\t<div class=\"elementor-widget-wrap elementor-element-populated\">\n\t\t\t\t\t\t<div class=\"elementor-element elementor-element-2e9d5dc elementor-widget elementor-widget-image\" data-id=\"2e9d5dc\" data-element_type=\"widget\" data-e-type=\"widget\" data-widget_type=\"image.default\">\n\t\t\t\t<div class=\"elementor-widget-container\">\n\t\t\t\t\t\t\t\t\t\t\t\t\t\t\t<img loading=\"lazy\" decoding=\"async\" width=\"1024\" height=\"1024\" src=\"https:\/\/www.innovation.wiki\/wp-content\/uploads\/2022\/05\/Verrocchio-Vorstellung21-1024x1024.png\" class=\"attachment-large size-large wp-image-45426\" alt=\"\" srcset=\"https:\/\/www.innovation.wiki\/wp-content\/uploads\/2022\/05\/Verrocchio-Vorstellung21-1024x1024.png 1024w, https:\/\/www.innovation.wiki\/wp-content\/uploads\/2022\/05\/Verrocchio-Vorstellung21-300x300.png 300w, https:\/\/www.innovation.wiki\/wp-content\/uploads\/2022\/05\/Verrocchio-Vorstellung21-150x150.png 150w, https:\/\/www.innovation.wiki\/wp-content\/uploads\/2022\/05\/Verrocchio-Vorstellung21-768x768.png 768w, https:\/\/www.innovation.wiki\/wp-content\/uploads\/2022\/05\/Verrocchio-Vorstellung21.png 1250w\" sizes=\"(max-width: 1024px) 100vw, 1024px\" title=\"-\">\t\t\t\t\t\t\t\t\t\t\t\t\t\t\t<\/div>\n\t\t\t\t<\/div>\n\t\t\t\t\t<\/div>\n\t\t<\/div>\n\t\t\t\t<div class=\"elementor-column elementor-col-50 elementor-top-column elementor-element elementor-element-af6b735\" data-id=\"af6b735\" data-element_type=\"column\" data-e-type=\"column\">\n\t\t\t<div class=\"elementor-widget-wrap elementor-element-populated\">\n\t\t\t\t\t\t<div class=\"elementor-element elementor-element-b02a8db elementor-widget elementor-widget-spacer\" data-id=\"b02a8db\" data-element_type=\"widget\" data-e-type=\"widget\" data-widget_type=\"spacer.default\">\n\t\t\t\t<div class=\"elementor-widget-container\">\n\t\t\t\t\t\t\t<div class=\"elementor-spacer\">\n\t\t\t<div class=\"elementor-spacer-inner\"><\/div>\n\t\t<\/div>\n\t\t\t\t\t\t<\/div>\n\t\t\t\t<\/div>\n\t\t\t\t<div class=\"elementor-element elementor-element-419decb elementor-widget elementor-widget-heading\" data-id=\"419decb\" data-element_type=\"widget\" data-e-type=\"widget\" data-widget_type=\"heading.default\">\n\t\t\t\t<div class=\"elementor-widget-container\">\n\t\t\t\t\t<h2 class=\"elementor-heading-title elementor-size-default\">Tools und B\u00fccher<\/h2>\t\t\t\t<\/div>\n\t\t\t\t<\/div>\n\t\t\t\t<div class=\"elementor-element elementor-element-69f4973 elementor-widget elementor-widget-text-editor\" data-id=\"69f4973\" data-element_type=\"widget\" data-e-type=\"widget\" data-widget_type=\"text-editor.default\">\n\t\t\t\t<div class=\"elementor-widget-container\">\n\t\t\t\t\t\t\t\t\t<p>Das gesammelte Wissen und die Erfahrung aus unseren Innovationsprojekten und Ausbildungen nutzen wir f\u00fcr die Entwicklung neuartiger Innovationstools und Methoden.&nbsp;<\/p>\n<p>Neben praktischen Methode wie dem <b>&#8222;<a href=\"https:\/\/www.verrocchio.institute\/de\/tools\/innovationdigging-ideenfindung\/\" target=\"_blank\" rel=\"noopener external noreferrer\" data-wpel-link=\"external\">Innovationdigging<\/a>&#8222;<\/b>, den <b>&#8222;<a href=\"\/\" target=\"_blank\" data-wpel-link=\"internal\">Inspiration Cards<\/a>&#8222;<\/b> oder dem &#8222;<a href=\"https:\/\/www.verrocchio.institute\/de\/tools\/innovation-management-canvas\/\" target=\"_blank\" rel=\"noopener external noreferrer\" data-wpel-link=\"external\"><b>Innovation Management Canvas<\/b><\/a>&#8220; sammeln wir unser Wissen ebenfalls in B\u00fcchern.&nbsp; So entstanden nicht nur &#8222;<a href=\"https:\/\/www.verrocchio.institute\/de\/know-how\/das-grosse-handbuch-innovation\/\" target=\"_blank\" rel=\"noopener external noreferrer\" data-wpel-link=\"external\"><b>Das gro\u00dfe Handbuch Innovation<\/b><\/a>&#8220; und die englische Version &#8222;The Innovator&#8217;s Dictionary&#8220;, sondern auch &#8222;Das gro\u00dfe Handbuch Digitale Transformation&#8220;, &#8222;<a href=\"https:\/\/www.verrocchio.institute\/de\/know-how\/inspiration-on-the-job\/\" target=\"_blank\" rel=\"noopener external noreferrer\" data-wpel-link=\"external\"><b>Inspiration on the job<\/b><\/a>&#8220; und viele weitere Werke.&nbsp;<\/p>\t\t\t\t\t\t\t\t<\/div>\n\t\t\t\t<\/div>\n\t\t\t\t\t<\/div>\n\t\t<\/div>\n\t\t\t\t\t<\/div>\n\t\t<\/section>\n\t\t\t\t<section class=\"elementor-section elementor-top-section elementor-element elementor-element-cd2a060 elementor-section-boxed elementor-section-height-default elementor-section-height-default\" data-id=\"cd2a060\" data-element_type=\"section\" data-e-type=\"section\">\n\t\t\t\t\t\t<div class=\"elementor-container elementor-column-gap-default\">\n\t\t\t\t\t<div class=\"elementor-column elementor-col-50 elementor-top-column elementor-element elementor-element-d038bfc\" data-id=\"d038bfc\" data-element_type=\"column\" data-e-type=\"column\">\n\t\t\t<div class=\"elementor-widget-wrap elementor-element-populated\">\n\t\t\t\t\t\t<div class=\"elementor-element elementor-element-458f636 elementor-widget elementor-widget-spacer\" data-id=\"458f636\" data-element_type=\"widget\" data-e-type=\"widget\" data-widget_type=\"spacer.default\">\n\t\t\t\t<div class=\"elementor-widget-container\">\n\t\t\t\t\t\t\t<div class=\"elementor-spacer\">\n\t\t\t<div class=\"elementor-spacer-inner\"><\/div>\n\t\t<\/div>\n\t\t\t\t\t\t<\/div>\n\t\t\t\t<\/div>\n\t\t\t\t<div class=\"elementor-element elementor-element-8986ee3 elementor-widget elementor-widget-heading\" data-id=\"8986ee3\" data-element_type=\"widget\" data-e-type=\"widget\" data-widget_type=\"heading.default\">\n\t\t\t\t<div class=\"elementor-widget-container\">\n\t\t\t\t\t<h2 class=\"elementor-heading-title elementor-size-default\">Eine Reise durch das Innovationsuniversum<\/h2>\t\t\t\t<\/div>\n\t\t\t\t<\/div>\n\t\t\t\t<div class=\"elementor-element elementor-element-b3a22af elementor-widget elementor-widget-text-editor\" data-id=\"b3a22af\" data-element_type=\"widget\" data-e-type=\"widget\" data-widget_type=\"text-editor.default\">\n\t\t\t\t<div class=\"elementor-widget-container\">\n\t\t\t\t\t\t\t\t\t<p>All diese Bausteine ergeben unser verrocchio Innovationsuniversum. Egal, ob am Anfang deiner Innovationsreise oder mittendrin, wir sorgen immer daf\u00fcr, dass du das richtige Gep\u00e4ck dabei hast und deine Ziele erfolgreich erreichst.\u00a0<\/p>\t\t\t\t\t\t\t\t<\/div>\n\t\t\t\t<\/div>\n\t\t\t\t\t<\/div>\n\t\t<\/div>\n\t\t\t\t<div class=\"elementor-column elementor-col-50 elementor-top-column elementor-element elementor-element-15af0f1\" data-id=\"15af0f1\" data-element_type=\"column\" data-e-type=\"column\">\n\t\t\t<div class=\"elementor-widget-wrap elementor-element-populated\">\n\t\t\t\t\t\t<div class=\"elementor-element elementor-element-252a5df elementor-widget elementor-widget-image\" data-id=\"252a5df\" data-element_type=\"widget\" data-e-type=\"widget\" data-widget_type=\"image.default\">\n\t\t\t\t<div class=\"elementor-widget-container\">\n\t\t\t\t\t\t\t\t\t\t\t\t\t\t\t<img loading=\"lazy\" decoding=\"async\" width=\"1024\" height=\"1024\" src=\"https:\/\/www.innovation.wiki\/wp-content\/uploads\/2022\/05\/verrocchio-universum-1024x1024.png\" class=\"attachment-large size-large wp-image-46032\" alt=\"\" srcset=\"https:\/\/www.innovation.wiki\/wp-content\/uploads\/2022\/05\/verrocchio-universum-1024x1024.png 1024w, https:\/\/www.innovation.wiki\/wp-content\/uploads\/2022\/05\/verrocchio-universum-300x300.png 300w, https:\/\/www.innovation.wiki\/wp-content\/uploads\/2022\/05\/verrocchio-universum-150x150.png 150w, https:\/\/www.innovation.wiki\/wp-content\/uploads\/2022\/05\/verrocchio-universum-768x768.png 768w, https:\/\/www.innovation.wiki\/wp-content\/uploads\/2022\/05\/verrocchio-universum.png 1080w\" sizes=\"(max-width: 1024px) 100vw, 1024px\" title=\"-\">\t\t\t\t\t\t\t\t\t\t\t\t\t\t\t<\/div>\n\t\t\t\t<\/div>\n\t\t\t\t\t<\/div>\n\t\t<\/div>\n\t\t\t\t\t<\/div>\n\t\t<\/section>\n\t\t\t\t<\/div>\n\t\t","protected":false},"excerpt":{"rendered":"<p>Das verrocchio Institute Wir nehmen Menschen mit auf die Reise Pioniere zu werden, die mit ihren Ideen die Welt ver\u00e4ndern. Unsere \u00dcberzeugung Wir sind der festen \u00dcberzeugung, dass jeder Mensch die Welt ver\u00e4ndern kann. Denn in jedem Menschen stecken einzigartige Ideen. Um diese zu finden und umzusetzen, braucht man nur das richtige Wissen und die&#8230;<\/p>\n","protected":false},"author":10,"featured_media":0,"parent":0,"menu_order":0,"comment_status":"closed","ping_status":"closed","template":"elementor_header_footer","meta":{"_surecart_dashboard_logo_width":"180px","_surecart_dashboard_show_logo":true,"_surecart_dashboard_navigation_orders":true,"_surecart_dashboard_navigation_invoices":true,"_surecart_dashboard_navigation_subscriptions":true,"_surecart_dashboard_navigation_downloads":true,"_surecart_dashboard_navigation_billing":true,"_surecart_dashboard_navigation_account":true,"_kad_post_transparent":"","_kad_post_title":"hide","_kad_post_layout":"fullwidth","_kad_post_sidebar_id":"","_kad_post_content_style":"unboxed","_kad_post_vertical_padding":"hide","_kad_post_feature":"hide","_kad_post_feature_position":"","_kad_post_header":false,"_kad_post_footer":false,"_kad_post_classname":"","footnotes":""},"class_list":["post-45221","page","type-page","status-publish","hentry"],"_links":{"self":[{"href":"https:\/\/www.innovation.wiki\/de\/wp-json\/wp\/v2\/pages\/45221","targetHints":{"allow":["GET"]}}],"collection":[{"href":"https:\/\/www.innovation.wiki\/de\/wp-json\/wp\/v2\/pages"}],"about":[{"href":"https:\/\/www.innovation.wiki\/de\/wp-json\/wp\/v2\/types\/page"}],"author":[{"embeddable":true,"href":"https:\/\/www.innovation.wiki\/de\/wp-json\/wp\/v2\/users\/10"}],"replies":[{"embeddable":true,"href":"https:\/\/www.innovation.wiki\/de\/wp-json\/wp\/v2\/comments?post=45221"}],"version-history":[{"count":14,"href":"https:\/\/www.innovation.wiki\/de\/wp-json\/wp\/v2\/pages\/45221\/revisions"}],"predecessor-version":[{"id":49865,"href":"https:\/\/www.innovation.wiki\/de\/wp-json\/wp\/v2\/pages\/45221\/revisions\/49865"}],"wp:attachment":[{"href":"https:\/\/www.innovation.wiki\/de\/wp-json\/wp\/v2\/media?parent=45221"}],"curies":[{"name":"wp","href":"https:\/\/api.w.org\/{rel}","templated":true}]}}