{"id":46690,"date":"2022-08-15T16:55:47","date_gmt":"2022-08-15T16:55:47","guid":{"rendered":"https:\/\/g9hq0oamq8.onrocket.site\/?page_id=46690"},"modified":"2023-08-15T06:47:53","modified_gmt":"2023-08-15T06:47:53","slug":"registrieren","status":"publish","type":"page","link":"https:\/\/www.innovation.wiki\/de\/registrieren\/","title":{"rendered":"Registrierung"},"content":{"rendered":"\t\t<div data-elementor-type=\"wp-page\" data-elementor-id=\"46690\" class=\"elementor elementor-46690\" data-elementor-post-type=\"page\">\n\t\t\t\t\t\t<section data-dce-background-overlay-color=\"#3F3A3A\" data-dce-background-image-url=\"https:\/\/innovation.wiki\/wp-content\/uploads\/2022\/08\/Innovation-Wiki-Banner-RegistrierungBasic-Full.png\" class=\"elementor-section elementor-top-section elementor-element elementor-element-5ef6ce1d elementor-section-height-min-height elementor-section-boxed elementor-section-height-default elementor-section-items-middle\" data-id=\"5ef6ce1d\" data-element_type=\"section\" data-e-type=\"section\" data-settings=\"{&quot;background_background&quot;:&quot;classic&quot;}\">\n\t\t\t\t\t\t\t<div class=\"elementor-background-overlay\"><\/div>\n\t\t\t\t\t\t\t<div class=\"elementor-container elementor-column-gap-default\">\n\t\t\t\t\t<div class=\"elementor-column elementor-col-50 elementor-top-column elementor-element elementor-element-aaedceb\" data-id=\"aaedceb\" data-element_type=\"column\" data-e-type=\"column\">\n\t\t\t<div class=\"elementor-widget-wrap elementor-element-populated\">\n\t\t\t\t\t\t<div class=\"elementor-element elementor-element-f265d8f elementor-widget elementor-widget-spacer\" data-id=\"f265d8f\" data-element_type=\"widget\" data-e-type=\"widget\" data-widget_type=\"spacer.default\">\n\t\t\t\t<div class=\"elementor-widget-container\">\n\t\t\t\t\t\t\t<div class=\"elementor-spacer\">\n\t\t\t<div class=\"elementor-spacer-inner\"><\/div>\n\t\t<\/div>\n\t\t\t\t\t\t<\/div>\n\t\t\t\t<\/div>\n\t\t\t\t\t<\/div>\n\t\t<\/div>\n\t\t\t\t<div class=\"elementor-column elementor-col-50 elementor-top-column elementor-element elementor-element-53dfc05\" data-id=\"53dfc05\" data-element_type=\"column\" data-e-type=\"column\">\n\t\t\t<div class=\"elementor-widget-wrap elementor-element-populated\">\n\t\t\t\t\t\t<div data-dce-title-color=\"#FFFFFF\" class=\"elementor-element elementor-element-e2a2f58 elementor-widget elementor-widget-heading\" data-id=\"e2a2f58\" data-element_type=\"widget\" data-e-type=\"widget\" data-widget_type=\"heading.default\">\n\t\t\t\t<div class=\"elementor-widget-container\">\n\t\t\t\t\t<h2 class=\"elementor-heading-title elementor-size-default\">Das Innovation Wiki<\/h2>\t\t\t\t<\/div>\n\t\t\t\t<\/div>\n\t\t\t\t<div data-dce-text-color=\"#FFFFFF\" class=\"elementor-element elementor-element-96e41e3 elementor-widget elementor-widget-text-editor\" data-id=\"96e41e3\" data-element_type=\"widget\" data-e-type=\"widget\" data-widget_type=\"text-editor.default\">\n\t\t\t\t<div class=\"elementor-widget-container\">\n\t\t\t\t\t\t\t\t\t<p>Dein Ort f\u00fcr Transformations-, Innovations- und Kreativit\u00e4tsmethoden, B\u00fccher, Tools und Know-How.<\/p>\t\t\t\t\t\t\t\t<\/div>\n\t\t\t\t<\/div>\n\t\t\t\t\t<\/div>\n\t\t<\/div>\n\t\t\t\t\t<\/div>\n\t\t<\/section>\n\t\t\t\t<section class=\"elementor-section elementor-top-section elementor-element elementor-element-2080113 elementor-section-boxed elementor-section-height-default elementor-section-height-default\" data-id=\"2080113\" data-element_type=\"section\" data-e-type=\"section\">\n\t\t\t\t\t\t<div class=\"elementor-container elementor-column-gap-default\">\n\t\t\t\t\t<div class=\"elementor-column elementor-col-100 elementor-top-column elementor-element elementor-element-13aeb82\" data-id=\"13aeb82\" data-element_type=\"column\" data-e-type=\"column\">\n\t\t\t<div class=\"elementor-widget-wrap elementor-element-populated\">\n\t\t\t\t\t\t<div class=\"elementor-element elementor-element-a50a0b9 elementor-widget elementor-widget-spacer\" data-id=\"a50a0b9\" data-element_type=\"widget\" data-e-type=\"widget\" data-widget_type=\"spacer.default\">\n\t\t\t\t<div class=\"elementor-widget-container\">\n\t\t\t\t\t\t\t<div class=\"elementor-spacer\">\n\t\t\t<div class=\"elementor-spacer-inner\"><\/div>\n\t\t<\/div>\n\t\t\t\t\t\t<\/div>\n\t\t\t\t<\/div>\n\t\t\t\t<div class=\"elementor-element elementor-element-f17d047 elementor-widget elementor-widget-heading\" data-id=\"f17d047\" data-element_type=\"widget\" data-e-type=\"widget\" data-widget_type=\"heading.default\">\n\t\t\t\t<div class=\"elementor-widget-container\">\n\t\t\t\t\t<h2 class=\"elementor-heading-title elementor-size-default\">Du m\u00f6chtest Zugriff auf das gesammelte Wissen sowie die Tools und Methoden des Innovation Wiki? <\/h2>\t\t\t\t<\/div>\n\t\t\t\t<\/div>\n\t\t\t\t<div class=\"elementor-element elementor-element-faee759 elementor-widget elementor-widget-text-editor\" data-id=\"faee759\" data-element_type=\"widget\" data-e-type=\"widget\" data-widget_type=\"text-editor.default\">\n\t\t\t\t<div class=\"elementor-widget-container\">\n\t\t\t\t\t\t\t\t\t<p>Dann registriere dich direkt hier &#8211; nat\u00fcrlich kostenfrei.<\/p>\t\t\t\t\t\t\t\t<\/div>\n\t\t\t\t<\/div>\n\t\t\t\t\t<\/div>\n\t\t<\/div>\n\t\t\t\t\t<\/div>\n\t\t<\/section>\n\t\t\t\t<section class=\"elementor-section elementor-top-section elementor-element elementor-element-79149fa elementor-section-boxed elementor-section-height-default elementor-section-height-default\" data-id=\"79149fa\" data-element_type=\"section\" data-e-type=\"section\">\n\t\t\t\t\t\t<div class=\"elementor-container elementor-column-gap-default\">\n\t\t\t\t\t<div class=\"elementor-column elementor-col-50 elementor-top-column elementor-element elementor-element-3cd6b4d\" data-id=\"3cd6b4d\" data-element_type=\"column\" data-e-type=\"column\">\n\t\t\t<div class=\"elementor-widget-wrap elementor-element-populated\">\n\t\t\t\t\t\t<div class=\"elementor-element elementor-element-be7c067 elementor-widget elementor-widget-shortcode\" data-id=\"be7c067\" data-element_type=\"widget\" data-e-type=\"widget\" data-widget_type=\"shortcode.default\">\n\t\t\t\t<div class=\"elementor-widget-container\">\n\t\t\t\t\t\t\t<div class=\"elementor-shortcode\"><div class=\"wlm3-theme-styled-reg-form wlm3-show-new-regform\"><div class=\"wlm3-new-account-error\"><\/div><div class=\"wlm_regform_container wlm_regform_new_user\"><form method=\"post\" id=\"frm_new_user_reg\" action=\"https:\/\/www.innovation.wiki\/de\/wishlist-member\/?reg=1634906740\"><input type=\"hidden\" name=\"wlm_form_id\" value=\"CUSTOMREGFORM-1661181778394\" \/><input type=\"hidden\" name=\"action\" value=\"wpm_register\" \/><input type=\"hidden\" name=\"wpm_id\" value=\"1634906740\" \/><input type=\"hidden\" name=\"cookiehash\" value=\"a:2:{i:0;s:32:&quot;b28b4cfa9af63dbf3d9345067cb87ec5&quot;;i:1;i:1777902876;}\" \/><input type=\"hidden\" name=\"orig_firstname\" value=\"\" \/><input type=\"hidden\" name=\"orig_lastname\" value=\"\" \/><input type=\"hidden\" name=\"orig_email\" value=\"\" \/><input type=\"hidden\" name=\"reg_page\" value=\"https:\/\/www.innovation.wiki\/de\/registrieren\/\" \/><div class=\"wlm3-form wlm3-new-account-form\"><div class=\"wlm3-form-group\"><label>Username:<\/label><input name=\"username\" class=\" wlm3-form-field fld\" id=\"wlm_form_field_username\" size=\"25\" type=\"text\" value=\"\"><\/div><div class=\"wlm3-form-group\"><div class=\"wlm3-form-text\"><p>Du kannst dich sp\u00e4ter mit deinem Usernamen oder mit deiner E-Mail-Adresse einloggen. <\/p><\/div><\/div><div class=\"wlm3-form-group\"><label>Vorname:<\/label><input name=\"firstname\" class=\" wlm3-form-field fld\" id=\"wlm_form_field_firstname\" size=\"25\" type=\"text\" value=\"\"><\/div><div class=\"wlm3-form-group\"><label>Nachname:<\/label><input name=\"lastname\" class=\" wlm3-form-field fld\" id=\"wlm_form_field_lastname\" size=\"25\" type=\"text\" value=\"\"><\/div><div class=\"wlm3-form-group\"><label>Email:<\/label><input name=\"email\" class=\" wlm3-form-field fld\" id=\"wlm_form_field_email\" size=\"25\" type=\"text\" value=\"\"><\/div><div class=\"wlm3-form-group\"><label>Password:<\/label><div id=\"wlm3-password-generator-buttons_f21dd3d38203f16f5da12b11e37308f5\" style=\"display: none;\"><button id=\"wlm3-password-generator-toggle_f21dd3d38203f16f5da12b11e37308f5\" onclick=\"wlm3_generate_password_toggle(this, '_f21dd3d38203f16f5da12b11e37308f5'); return false;\" data-hide=\"Hide\" data-show=\"Show\">Show<\/button><\/div><input name=\"password\" class=\" wlm3-form-field fld\" id=\"wlm3-password-field_f21dd3d38203f16f5da12b11e37308f5\" size=\"25\" onkeyup=\"wlm3_password_strength(this, &#039;_f21dd3d38203f16f5da12b11e37308f5&#039;)\" type=\"password\" value=\"\"><div id=\"wlm3-password-generator-strength_f21dd3d38203f16f5da12b11e37308f5\"><\/div><\/div><p><input name=\"\" class=\"\" id=\"wlm_new_user_submit_button\" type=\"submit\" value=\"Nutzer registrieren\"><\/p><input type=\"hidden\" name=\"custom_fields\" value=\"firstname,lastname\"><input type=\"hidden\" name=\"required_fields\" value=\"\"><script type=\"text\/javascript\">jQuery(document).ready(function() {jQuery(\"#wlm_new_user_submit_button\").on(\"click\",function(e) {jQuery(\"#wlm_new_user_submit_button\").attr(\"disabled\", \"disabled\");jQuery(\"#frm_new_user_reg\").submit();}); });<\/script><\/div><\/form><\/div><form method=\"post\" action=\"https:\/\/www.innovation.wiki\/de\/wishlist-member\/?reg=1634906740&existing=1\"><input type=\"hidden\" name=\"action\" value=\"wpm_register_existing\" \/><input type=\"hidden\" name=\"cookiehash\" value=\"a:2:{i:0;s:32:&quot;b28b4cfa9af63dbf3d9345067cb87ec5&quot;;i:1;i:1777902876;}\" \/><input type=\"hidden\" name=\"wpm_id\" value=\"1634906740\" \/><input type=\"hidden\" name=\"reg_page\" value=\"https:\/\/www.innovation.wiki\/de\/registrieren\/\" \/><div class=\"wlm_regform_container wlm_regform_existing_user\"><div class=\"wlm3-form wlm3-existing-account-form\"><div class=\"wlm3-form-group\"><label>Username<\/label><input name=\"username\" class=\" wlm3-form-field fld\" id=\"wlm_form_field_username\" type=\"text\" value=\"\"><\/div><div class=\"wlm3-form-group\"><label>Password<\/label><input name=\"password\" class=\" wlm3-form-field fld\" id=\"wlm_form_field_password\" type=\"password\" value=\"\"><\/div><div class=\"wlm3-form-group\"><a href=\"https:\/\/www.innovation.wiki\/de\/login\/?action=lostpassword\" style=\"float: right\" data-wpel-link=\"internal\">Passwort vergessen?<\/a><\/div><p><input name=\"\" class=\"\" id=\"\" type=\"submit\" value=\"Login\"><\/p><\/div><\/div><\/form><\/div><\/div>\n\t\t\t\t\t\t<\/div>\n\t\t\t\t<\/div>\n\t\t\t\t\t<\/div>\n\t\t<\/div>\n\t\t\t\t<div class=\"elementor-column elementor-col-50 elementor-top-column elementor-element elementor-element-98eda67\" data-id=\"98eda67\" data-element_type=\"column\" data-e-type=\"column\">\n\t\t\t<div class=\"elementor-widget-wrap elementor-element-populated\">\n\t\t\t\t\t\t<div class=\"elementor-element elementor-element-0cbb429 elementor-widget elementor-widget-image\" data-id=\"0cbb429\" data-element_type=\"widget\" data-e-type=\"widget\" data-widget_type=\"image.default\">\n\t\t\t\t<div class=\"elementor-widget-container\">\n\t\t\t\t\t\t\t\t\t\t\t\t\t\t\t<img fetchpriority=\"high\" decoding=\"async\" width=\"1024\" height=\"1024\" src=\"https:\/\/www.innovation.wiki\/wp-content\/uploads\/2022\/08\/verrocchio-scribbles-registrierung-1024x1024.png\" class=\"attachment-large size-large wp-image-46719\" alt=\"\" srcset=\"https:\/\/www.innovation.wiki\/wp-content\/uploads\/2022\/08\/verrocchio-scribbles-registrierung-1024x1024.png 1024w, https:\/\/www.innovation.wiki\/wp-content\/uploads\/2022\/08\/verrocchio-scribbles-registrierung-300x300.png 300w, https:\/\/www.innovation.wiki\/wp-content\/uploads\/2022\/08\/verrocchio-scribbles-registrierung-150x150.png 150w, https:\/\/www.innovation.wiki\/wp-content\/uploads\/2022\/08\/verrocchio-scribbles-registrierung-768x768.png 768w, https:\/\/www.innovation.wiki\/wp-content\/uploads\/2022\/08\/verrocchio-scribbles-registrierung.png 1080w\" sizes=\"(max-width: 1024px) 100vw, 1024px\" title=\"-\">\t\t\t\t\t\t\t\t\t\t\t\t\t\t\t<\/div>\n\t\t\t\t<\/div>\n\t\t\t\t\t<\/div>\n\t\t<\/div>\n\t\t\t\t\t<\/div>\n\t\t<\/section>\n\t\t\t\t<section class=\"elementor-section elementor-top-section elementor-element elementor-element-d55edd6 elementor-section-boxed elementor-section-height-default elementor-section-height-default\" data-id=\"d55edd6\" data-element_type=\"section\" data-e-type=\"section\">\n\t\t\t\t\t\t<div class=\"elementor-container elementor-column-gap-default\">\n\t\t\t\t\t<div class=\"elementor-column elementor-col-100 elementor-top-column elementor-element elementor-element-7ad8684\" data-id=\"7ad8684\" data-element_type=\"column\" data-e-type=\"column\">\n\t\t\t<div class=\"elementor-widget-wrap elementor-element-populated\">\n\t\t\t\t\t\t<div class=\"elementor-element elementor-element-1d09a84 elementor-widget elementor-widget-spacer\" data-id=\"1d09a84\" data-element_type=\"widget\" data-e-type=\"widget\" data-widget_type=\"spacer.default\">\n\t\t\t\t<div class=\"elementor-widget-container\">\n\t\t\t\t\t\t\t<div class=\"elementor-spacer\">\n\t\t\t<div class=\"elementor-spacer-inner\"><\/div>\n\t\t<\/div>\n\t\t\t\t\t\t<\/div>\n\t\t\t\t<\/div>\n\t\t\t\t<div class=\"elementor-element elementor-element-2d5c8a2 elementor-widget elementor-widget-heading\" data-id=\"2d5c8a2\" data-element_type=\"widget\" data-e-type=\"widget\" data-widget_type=\"heading.default\">\n\t\t\t\t<div class=\"elementor-widget-container\">\n\t\t\t\t\t<h2 class=\"elementor-heading-title elementor-size-default\">Anschlie\u00dfend stehen dir folgende Inhalte <br>kostenlos zur Verf\u00fcgung:<\/h2>\t\t\t\t<\/div>\n\t\t\t\t<\/div>\n\t\t\t\t\t<\/div>\n\t\t<\/div>\n\t\t\t\t\t<\/div>\n\t\t<\/section>\n\t\t\t\t<section class=\"elementor-section elementor-top-section elementor-element elementor-element-8e2c980 elementor-section-boxed elementor-section-height-default elementor-section-height-default\" data-id=\"8e2c980\" data-element_type=\"section\" data-e-type=\"section\">\n\t\t\t\t\t\t<div class=\"elementor-container elementor-column-gap-default\">\n\t\t\t\t\t<div class=\"elementor-column elementor-col-50 elementor-top-column elementor-element elementor-element-3ba3102\" data-id=\"3ba3102\" data-element_type=\"column\" data-e-type=\"column\">\n\t\t\t<div class=\"elementor-widget-wrap elementor-element-populated\">\n\t\t\t\t\t\t<div class=\"elementor-element elementor-element-739d0b8 elementor-widget elementor-widget-image\" data-id=\"739d0b8\" data-element_type=\"widget\" data-e-type=\"widget\" data-widget_type=\"image.default\">\n\t\t\t\t<div class=\"elementor-widget-container\">\n\t\t\t\t\t\t\t\t\t\t\t\t\t\t\t<img decoding=\"async\" width=\"750\" height=\"750\" src=\"https:\/\/www.innovation.wiki\/wp-content\/uploads\/2022\/05\/Buecher.png\" class=\"attachment-large size-large wp-image-45862\" alt=\"\" srcset=\"https:\/\/www.innovation.wiki\/wp-content\/uploads\/2022\/05\/Buecher.png 750w, https:\/\/www.innovation.wiki\/wp-content\/uploads\/2022\/05\/Buecher-300x300.png 300w, https:\/\/www.innovation.wiki\/wp-content\/uploads\/2022\/05\/Buecher-150x150.png 150w\" sizes=\"(max-width: 750px) 100vw, 750px\" title=\"-\">\t\t\t\t\t\t\t\t\t\t\t\t\t\t\t<\/div>\n\t\t\t\t<\/div>\n\t\t\t\t\t<\/div>\n\t\t<\/div>\n\t\t\t\t<div class=\"elementor-column elementor-col-50 elementor-top-column elementor-element elementor-element-7d1b1a6\" data-id=\"7d1b1a6\" data-element_type=\"column\" data-e-type=\"column\">\n\t\t\t<div class=\"elementor-widget-wrap elementor-element-populated\">\n\t\t\t\t\t\t<div class=\"elementor-element elementor-element-e0e6a7d elementor-widget elementor-widget-heading\" data-id=\"e0e6a7d\" data-element_type=\"widget\" data-e-type=\"widget\" data-widget_type=\"heading.default\">\n\t\t\t\t<div class=\"elementor-widget-container\">\n\t\t\t\t\t<h2 class=\"elementor-heading-title elementor-size-default\">Die Bibliothek<\/h2>\t\t\t\t<\/div>\n\t\t\t\t<\/div>\n\t\t\t\t<div class=\"elementor-element elementor-element-03906f3 elementor-widget elementor-widget-text-editor\" data-id=\"03906f3\" data-element_type=\"widget\" data-e-type=\"widget\" data-widget_type=\"text-editor.default\">\n\t\t\t\t<div class=\"elementor-widget-container\">\n\t\t\t\t\t\t\t\t\t<p>Du bist auf der Suche nach einem neuen Fachbuch zum Thema Innovation, Kreativit\u00e4t oder Transformation? Wir haben\u00a0<span style=\"background-color: transparent; color: var(--global-palette4); font-family: var(--global-body-font-family);\">eine gro\u00dfe Anzahl an Rezensionen und Zusammenfassungen, die dir dabei helfen, zu erkennen, ob ein Buch genau das Richtige f\u00fcr dich und deine Herausforderung ist.<\/span><span style=\"background-color: transparent; color: var(--global-palette4); font-family: var(--global-body-font-family);\">\u00a0So kannst du dein eigenes Wissen gezielt weiter ausbauen.\u00a0<\/span><\/p>\t\t\t\t\t\t\t\t<\/div>\n\t\t\t\t<\/div>\n\t\t\t\t\t<\/div>\n\t\t<\/div>\n\t\t\t\t\t<\/div>\n\t\t<\/section>\n\t\t\t\t<section class=\"elementor-section elementor-top-section elementor-element elementor-element-f56c9aa elementor-section-boxed elementor-section-height-default elementor-section-height-default\" data-id=\"f56c9aa\" data-element_type=\"section\" data-e-type=\"section\">\n\t\t\t\t\t\t<div class=\"elementor-container elementor-column-gap-default\">\n\t\t\t\t\t<div class=\"elementor-column elementor-col-50 elementor-top-column elementor-element elementor-element-c99d576\" data-id=\"c99d576\" data-element_type=\"column\" data-e-type=\"column\">\n\t\t\t<div class=\"elementor-widget-wrap elementor-element-populated\">\n\t\t\t\t\t\t<div class=\"elementor-element elementor-element-fefbd97 elementor-widget elementor-widget-heading\" data-id=\"fefbd97\" data-element_type=\"widget\" data-e-type=\"widget\" data-widget_type=\"heading.default\">\n\t\t\t\t<div class=\"elementor-widget-container\">\n\t\t\t\t\t<h2 class=\"elementor-heading-title elementor-size-default\">Die Methoden<\/h2>\t\t\t\t<\/div>\n\t\t\t\t<\/div>\n\t\t\t\t<div class=\"elementor-element elementor-element-cc7e55f elementor-widget elementor-widget-text-editor\" data-id=\"cc7e55f\" data-element_type=\"widget\" data-e-type=\"widget\" data-widget_type=\"text-editor.default\">\n\t\t\t\t<div class=\"elementor-widget-container\">\n\t\t\t\t\t\t\t\t\t<p>Durch unser praktisches Wissen aus mehr als 2.000 Innovationsprojekten haben wir viele Methoden gesammelt und eingesetzt. All diese Erfahrungen haben wir in die Methodensuche einflie\u00dfen lassen, damit du selbst schnell und gezielt die richtigen Methoden f\u00fcr deine Herausforderung findest.\u00a0<\/p>\t\t\t\t\t\t\t\t<\/div>\n\t\t\t\t<\/div>\n\t\t\t\t\t<\/div>\n\t\t<\/div>\n\t\t\t\t<div class=\"elementor-column elementor-col-50 elementor-top-column elementor-element elementor-element-8975728\" data-id=\"8975728\" data-element_type=\"column\" data-e-type=\"column\">\n\t\t\t<div class=\"elementor-widget-wrap elementor-element-populated\">\n\t\t\t\t\t\t<div class=\"elementor-element elementor-element-d8dd78c elementor-widget elementor-widget-image\" data-id=\"d8dd78c\" data-element_type=\"widget\" data-e-type=\"widget\" data-widget_type=\"image.default\">\n\t\t\t\t<div class=\"elementor-widget-container\">\n\t\t\t\t\t\t\t\t\t\t\t\t\t\t\t<img decoding=\"async\" width=\"750\" height=\"750\" src=\"https:\/\/www.innovation.wiki\/wp-content\/uploads\/2022\/05\/Methoden.png\" class=\"attachment-large size-large wp-image-45871\" alt=\"\" srcset=\"https:\/\/www.innovation.wiki\/wp-content\/uploads\/2022\/05\/Methoden.png 750w, https:\/\/www.innovation.wiki\/wp-content\/uploads\/2022\/05\/Methoden-300x300.png 300w, https:\/\/www.innovation.wiki\/wp-content\/uploads\/2022\/05\/Methoden-150x150.png 150w\" sizes=\"(max-width: 750px) 100vw, 750px\" title=\"-\">\t\t\t\t\t\t\t\t\t\t\t\t\t\t\t<\/div>\n\t\t\t\t<\/div>\n\t\t\t\t\t<\/div>\n\t\t<\/div>\n\t\t\t\t\t<\/div>\n\t\t<\/section>\n\t\t\t\t<section class=\"elementor-section elementor-top-section elementor-element elementor-element-eb7d96d elementor-section-boxed elementor-section-height-default elementor-section-height-default\" data-id=\"eb7d96d\" data-element_type=\"section\" data-e-type=\"section\">\n\t\t\t\t\t\t<div class=\"elementor-container elementor-column-gap-default\">\n\t\t\t\t\t<div class=\"elementor-column elementor-col-50 elementor-top-column elementor-element elementor-element-7dc4303\" data-id=\"7dc4303\" data-element_type=\"column\" data-e-type=\"column\">\n\t\t\t<div class=\"elementor-widget-wrap elementor-element-populated\">\n\t\t\t\t\t\t<div class=\"elementor-element elementor-element-ebec24d elementor-widget elementor-widget-image\" data-id=\"ebec24d\" data-element_type=\"widget\" data-e-type=\"widget\" data-widget_type=\"image.default\">\n\t\t\t\t<div class=\"elementor-widget-container\">\n\t\t\t\t\t\t\t\t\t\t\t\t\t\t\t<img loading=\"lazy\" decoding=\"async\" width=\"750\" height=\"750\" src=\"https:\/\/www.innovation.wiki\/wp-content\/uploads\/2022\/05\/Artikel.png\" class=\"attachment-large size-large wp-image-45853\" alt=\"\" srcset=\"https:\/\/www.innovation.wiki\/wp-content\/uploads\/2022\/05\/Artikel.png 750w, https:\/\/www.innovation.wiki\/wp-content\/uploads\/2022\/05\/Artikel-300x300.png 300w, https:\/\/www.innovation.wiki\/wp-content\/uploads\/2022\/05\/Artikel-150x150.png 150w\" sizes=\"(max-width: 750px) 100vw, 750px\" title=\"-\">\t\t\t\t\t\t\t\t\t\t\t\t\t\t\t<\/div>\n\t\t\t\t<\/div>\n\t\t\t\t\t<\/div>\n\t\t<\/div>\n\t\t\t\t<div class=\"elementor-column elementor-col-50 elementor-top-column elementor-element elementor-element-6554e57\" data-id=\"6554e57\" data-element_type=\"column\" data-e-type=\"column\">\n\t\t\t<div class=\"elementor-widget-wrap elementor-element-populated\">\n\t\t\t\t\t\t<div class=\"elementor-element elementor-element-99e3342 elementor-widget elementor-widget-heading\" data-id=\"99e3342\" data-element_type=\"widget\" data-e-type=\"widget\" data-widget_type=\"heading.default\">\n\t\t\t\t<div class=\"elementor-widget-container\">\n\t\t\t\t\t<h2 class=\"elementor-heading-title elementor-size-default\">Die Fachartikel<\/h2>\t\t\t\t<\/div>\n\t\t\t\t<\/div>\n\t\t\t\t<div class=\"elementor-element elementor-element-fb8e860 elementor-widget elementor-widget-text-editor\" data-id=\"fb8e860\" data-element_type=\"widget\" data-e-type=\"widget\" data-widget_type=\"text-editor.default\">\n\t\t\t\t<div class=\"elementor-widget-container\">\n\t\t\t\t\t\t\t\t\t<p>Egal, ob es um Problematiken beim Einsatz spezieller Methoden, den Aufbau von Workshops oder Barrieren in einem Projekt geht. Unsere Erfahrungen haben wir f\u00fcr dich in den verschiedensten Artikeln hier im Innovation Wiki festgehalten. Lerne aus unseren Erfahrungen und setze unsere Learnings gezielt in deinen eigenen Projekten und Workshops ein.\u00a0<\/p>\t\t\t\t\t\t\t\t<\/div>\n\t\t\t\t<\/div>\n\t\t\t\t\t<\/div>\n\t\t<\/div>\n\t\t\t\t\t<\/div>\n\t\t<\/section>\n\t\t\t\t<\/div>\n\t\t","protected":false},"excerpt":{"rendered":"<p>Das Innovation Wiki Dein Ort f\u00fcr Transformations-, Innovations- und Kreativit\u00e4tsmethoden, B\u00fccher, Tools und Know-How. Du m\u00f6chtest Zugriff auf das gesammelte Wissen sowie die Tools und Methoden des Innovation Wiki? Dann registriere dich direkt hier &#8211; nat\u00fcrlich kostenfrei. Anschlie\u00dfend stehen dir folgende Inhalte kostenlos zur Verf\u00fcgung: Die Bibliothek Du bist auf der Suche nach einem neuen&#8230;<\/p>\n","protected":false},"author":1,"featured_media":0,"parent":0,"menu_order":0,"comment_status":"closed","ping_status":"closed","template":"elementor_header_footer","meta":{"_surecart_dashboard_logo_width":"180px","_surecart_dashboard_show_logo":true,"_surecart_dashboard_navigation_orders":true,"_surecart_dashboard_navigation_invoices":true,"_surecart_dashboard_navigation_subscriptions":true,"_surecart_dashboard_navigation_downloads":true,"_surecart_dashboard_navigation_billing":true,"_surecart_dashboard_navigation_account":true,"_kad_post_transparent":"","_kad_post_title":"hide","_kad_post_layout":"fullwidth","_kad_post_sidebar_id":"","_kad_post_content_style":"unboxed","_kad_post_vertical_padding":"hide","_kad_post_feature":"hide","_kad_post_feature_position":"","_kad_post_header":false,"_kad_post_footer":false,"_kad_post_classname":"","footnotes":""},"class_list":["post-46690","page","type-page","status-publish","hentry"],"_links":{"self":[{"href":"https:\/\/www.innovation.wiki\/de\/wp-json\/wp\/v2\/pages\/46690","targetHints":{"allow":["GET"]}}],"collection":[{"href":"https:\/\/www.innovation.wiki\/de\/wp-json\/wp\/v2\/pages"}],"about":[{"href":"https:\/\/www.innovation.wiki\/de\/wp-json\/wp\/v2\/types\/page"}],"author":[{"embeddable":true,"href":"https:\/\/www.innovation.wiki\/de\/wp-json\/wp\/v2\/users\/1"}],"replies":[{"embeddable":true,"href":"https:\/\/www.innovation.wiki\/de\/wp-json\/wp\/v2\/comments?post=46690"}],"version-history":[{"count":24,"href":"https:\/\/www.innovation.wiki\/de\/wp-json\/wp\/v2\/pages\/46690\/revisions"}],"predecessor-version":[{"id":50383,"href":"https:\/\/www.innovation.wiki\/de\/wp-json\/wp\/v2\/pages\/46690\/revisions\/50383"}],"wp:attachment":[{"href":"https:\/\/www.innovation.wiki\/de\/wp-json\/wp\/v2\/media?parent=46690"}],"curies":[{"name":"wp","href":"https:\/\/api.w.org\/{rel}","templated":true}]}}