{"id":47569,"date":"2022-12-07T17:48:02","date_gmt":"2022-12-07T17:48:02","guid":{"rendered":"https:\/\/g9hq0oamq8.onrocket.site\/?page_id=47569"},"modified":"2023-07-07T20:18:24","modified_gmt":"2023-07-07T20:18:24","slug":"subscription","status":"publish","type":"page","link":"https:\/\/www.innovation.wiki\/de\/subscription\/","title":{"rendered":"dash_Subscription"},"content":{"rendered":"\t\t<div data-elementor-type=\"wp-page\" data-elementor-id=\"47569\" class=\"elementor elementor-47569\" data-elementor-post-type=\"page\">\n\t\t\t\t\t\t<section class=\"elementor-section elementor-top-section elementor-element elementor-element-1556dbe elementor-section-boxed elementor-section-height-default elementor-section-height-default\" data-id=\"1556dbe\" data-element_type=\"section\" data-e-type=\"section\">\n\t\t\t\t\t\t<div class=\"elementor-container elementor-column-gap-default\">\n\t\t\t\t\t<div data-dce-background-color=\"#E8E9EA\" class=\"elementor-column elementor-col-25 elementor-top-column elementor-element elementor-element-65c0cd8\" data-id=\"65c0cd8\" data-element_type=\"column\" data-e-type=\"column\" data-settings=\"{&quot;background_background&quot;:&quot;classic&quot;}\">\n\t\t\t<div class=\"elementor-widget-wrap elementor-element-populated\">\n\t\t\t\t\t\t<div class=\"elementor-element elementor-element-33ba5e8 elementor-view-default elementor-widget elementor-widget-icon\" data-id=\"33ba5e8\" data-element_type=\"widget\" data-e-type=\"widget\" data-widget_type=\"icon.default\">\n\t\t\t\t<div class=\"elementor-widget-container\">\n\t\t\t\t\t\t\t<div class=\"elementor-icon-wrapper\">\n\t\t\t<a class=\"elementor-icon\" href=\"https:\/\/innovation.wiki\/profil\/\" target=\"_blank\" rel=\"noopener external noreferrer\" data-wpel-link=\"external\">\n\t\t\t<i aria-hidden=\"true\" class=\"far fa-address-card\"><\/i>\t\t\t<\/a>\n\t\t<\/div>\n\t\t\t\t\t\t<\/div>\n\t\t\t\t<\/div>\n\t\t\t\t<div class=\"elementor-element elementor-element-c1f8012 elementor-widget elementor-widget-heading\" data-id=\"c1f8012\" data-element_type=\"widget\" data-e-type=\"widget\" data-widget_type=\"heading.default\">\n\t\t\t\t<div class=\"elementor-widget-container\">\n\t\t\t\t\t<h2 class=\"elementor-heading-title elementor-size-default\"><a href=\"https:\/\/innovation.wiki\/profil\/\" target=\"_blank\" rel=\"noopener external noreferrer\" data-wpel-link=\"external\">Mein Profil<\/a><\/h2>\t\t\t\t<\/div>\n\t\t\t\t<\/div>\n\t\t\t\t\t<\/div>\n\t\t<\/div>\n\t\t\t\t<div data-dce-background-color=\"#E8E9EA\" class=\"elementor-column elementor-col-25 elementor-top-column elementor-element elementor-element-6ce7813\" data-id=\"6ce7813\" data-element_type=\"column\" data-e-type=\"column\" data-settings=\"{&quot;background_background&quot;:&quot;classic&quot;}\">\n\t\t\t<div class=\"elementor-widget-wrap elementor-element-populated\">\n\t\t\t\t\t\t<div class=\"elementor-element elementor-element-6281999 elementor-view-default elementor-widget elementor-widget-icon\" data-id=\"6281999\" data-element_type=\"widget\" data-e-type=\"widget\" data-widget_type=\"icon.default\">\n\t\t\t\t<div class=\"elementor-widget-container\">\n\t\t\t\t\t\t\t<div class=\"elementor-icon-wrapper\">\n\t\t\t<a class=\"elementor-icon\" href=\"https:\/\/innovation.wiki\/konto\/\" target=\"_blank\" rel=\"noopener external noreferrer\" data-wpel-link=\"external\">\n\t\t\t<i aria-hidden=\"true\" class=\"far fa-credit-card\"><\/i>\t\t\t<\/a>\n\t\t<\/div>\n\t\t\t\t\t\t<\/div>\n\t\t\t\t<\/div>\n\t\t\t\t<div class=\"elementor-element elementor-element-261a665 elementor-widget elementor-widget-heading\" data-id=\"261a665\" data-element_type=\"widget\" data-e-type=\"widget\" data-widget_type=\"heading.default\">\n\t\t\t\t<div class=\"elementor-widget-container\">\n\t\t\t\t\t<h2 class=\"elementor-heading-title elementor-size-default\"><a href=\"https:\/\/innovation.wiki\/konto\/\" target=\"_blank\" rel=\"noopener external noreferrer\" data-wpel-link=\"external\">K\u00e4ufe und Abo <\/a><\/h2>\t\t\t\t<\/div>\n\t\t\t\t<\/div>\n\t\t\t\t\t<\/div>\n\t\t<\/div>\n\t\t\t\t<div data-dce-background-color=\"#E8E9EA\" class=\"elementor-column elementor-col-25 elementor-top-column elementor-element elementor-element-f184056\" data-id=\"f184056\" data-element_type=\"column\" data-e-type=\"column\" data-settings=\"{&quot;background_background&quot;:&quot;classic&quot;}\">\n\t\t\t<div class=\"elementor-widget-wrap elementor-element-populated\">\n\t\t\t\t\t\t<div class=\"elementor-element elementor-element-4df19b3 elementor-view-default elementor-widget elementor-widget-icon\" data-id=\"4df19b3\" data-element_type=\"widget\" data-e-type=\"widget\" data-widget_type=\"icon.default\">\n\t\t\t\t<div class=\"elementor-widget-container\">\n\t\t\t\t\t\t\t<div class=\"elementor-icon-wrapper\">\n\t\t\t<a class=\"elementor-icon\" href=\"https:\/\/innovation.wiki\/passwort\/\" target=\"_blank\" rel=\"noopener external noreferrer\" data-wpel-link=\"external\">\n\t\t\t<i aria-hidden=\"true\" class=\"fas fa-key\"><\/i>\t\t\t<\/a>\n\t\t<\/div>\n\t\t\t\t\t\t<\/div>\n\t\t\t\t<\/div>\n\t\t\t\t<div class=\"elementor-element elementor-element-556865d elementor-widget elementor-widget-heading\" data-id=\"556865d\" data-element_type=\"widget\" data-e-type=\"widget\" data-widget_type=\"heading.default\">\n\t\t\t\t<div class=\"elementor-widget-container\">\n\t\t\t\t\t<h2 class=\"elementor-heading-title elementor-size-default\"><a href=\"https:\/\/innovation.wiki\/passwort\/\" target=\"_blank\" rel=\"noopener external noreferrer\" data-wpel-link=\"external\">Passwort \u00e4ndern<\/a><\/h2>\t\t\t\t<\/div>\n\t\t\t\t<\/div>\n\t\t\t\t\t<\/div>\n\t\t<\/div>\n\t\t\t\t\t<\/div>\n\t\t<\/section>\n\t\t\t\t<section class=\"elementor-section elementor-top-section elementor-element elementor-element-21bc215 elementor-section-boxed elementor-section-height-default elementor-section-height-default\" data-id=\"21bc215\" data-element_type=\"section\" data-e-type=\"section\">\n\t\t\t\t\t\t<div class=\"elementor-container elementor-column-gap-default\">\n\t\t\t\t\t<div class=\"elementor-column elementor-col-100 elementor-top-column elementor-element elementor-element-25dd0c9\" data-id=\"25dd0c9\" data-element_type=\"column\" data-e-type=\"column\">\n\t\t\t<div class=\"elementor-widget-wrap elementor-element-populated\">\n\t\t\t\t\t\t<div class=\"elementor-element elementor-element-9b15f3d elementor-widget elementor-widget-shortcode\" data-id=\"9b15f3d\" data-element_type=\"widget\" data-e-type=\"widget\" data-widget_type=\"shortcode.default\">\n\t\t\t\t<div class=\"elementor-widget-container\">\n\t\t\t\t\t\t\t<div class=\"elementor-shortcode\"><sc-login-form>\n\t<span slot=\"title\">Melden Sie sich bei Ihrem Konto an<\/span>\n<\/sc-login-form>\n\n<sc-login-form>\n\t<span slot=\"title\">Melden Sie sich bei Ihrem Konto an<\/span>\n<\/sc-login-form>\n\n<sc-login-form>\n\t<span slot=\"title\">Melden Sie sich bei Ihrem Konto an<\/span>\n<\/sc-login-form>\n\n<sc-login-form>\n\t<span slot=\"title\">Melden Sie sich bei Ihrem Konto an<\/span>\n<\/sc-login-form>\n\n<sc-login-form>\n\t<span slot=\"title\">Melden Sie sich bei Ihrem Konto an<\/span>\n<\/sc-login-form>\n\n<\/div>\n\t\t\t\t\t\t<\/div>\n\t\t\t\t<\/div>\n\t\t\t\t\t<\/div>\n\t\t<\/div>\n\t\t\t\t\t<\/div>\n\t\t<\/section>\n\t\t\t\t<\/div>\n\t\t","protected":false},"excerpt":{"rendered":"<p>Dein Abonnement Hier hast Du einen \u00dcberblick \u00fcber Dein Konto und Deine Einstellungen. Falls Dir etwas fehlt &#8211; Du weisst ja wo Du uns findest \ud83d\ude42\u00a0 Mein Profil K\u00e4ufe und Abo Passwort \u00e4ndern F\u00fcr Autoren<\/p>\n","protected":false},"author":1,"featured_media":0,"parent":0,"menu_order":0,"comment_status":"closed","ping_status":"closed","template":"","meta":{"_surecart_dashboard_logo_width":"180px","_surecart_dashboard_show_logo":true,"_surecart_dashboard_navigation_orders":true,"_surecart_dashboard_navigation_invoices":true,"_surecart_dashboard_navigation_subscriptions":true,"_surecart_dashboard_navigation_downloads":true,"_surecart_dashboard_navigation_billing":true,"_surecart_dashboard_navigation_account":true,"_kad_post_transparent":"","_kad_post_title":"hide","_kad_post_layout":"fullwidth","_kad_post_sidebar_id":"","_kad_post_content_style":"unboxed","_kad_post_vertical_padding":"hide","_kad_post_feature":"hide","_kad_post_feature_position":"","_kad_post_header":false,"_kad_post_footer":false,"_kad_post_classname":"","footnotes":""},"class_list":["post-47569","page","type-page","status-publish","hentry"],"_links":{"self":[{"href":"https:\/\/www.innovation.wiki\/de\/wp-json\/wp\/v2\/pages\/47569","targetHints":{"allow":["GET"]}}],"collection":[{"href":"https:\/\/www.innovation.wiki\/de\/wp-json\/wp\/v2\/pages"}],"about":[{"href":"https:\/\/www.innovation.wiki\/de\/wp-json\/wp\/v2\/types\/page"}],"author":[{"embeddable":true,"href":"https:\/\/www.innovation.wiki\/de\/wp-json\/wp\/v2\/users\/1"}],"replies":[{"embeddable":true,"href":"https:\/\/www.innovation.wiki\/de\/wp-json\/wp\/v2\/comments?post=47569"}],"version-history":[{"count":11,"href":"https:\/\/www.innovation.wiki\/de\/wp-json\/wp\/v2\/pages\/47569\/revisions"}],"predecessor-version":[{"id":49639,"href":"https:\/\/www.innovation.wiki\/de\/wp-json\/wp\/v2\/pages\/47569\/revisions\/49639"}],"wp:attachment":[{"href":"https:\/\/www.innovation.wiki\/de\/wp-json\/wp\/v2\/media?parent=47569"}],"curies":[{"name":"wp","href":"https:\/\/api.w.org\/{rel}","templated":true}]}}