{"id":47992,"date":"2023-02-08T08:55:55","date_gmt":"2023-02-08T08:55:55","guid":{"rendered":"https:\/\/g9hq0oamq8.onrocket.site\/?page_id=47992"},"modified":"2023-07-17T13:47:35","modified_gmt":"2023-07-17T13:47:35","slug":"ideenfindung-die-besten-methoden-und-tools","status":"publish","type":"page","link":"https:\/\/www.innovation.wiki\/de\/best-of\/ideenfindung-die-besten-methoden-und-tools\/","title":{"rendered":"Ideenfindung &#8211; die besten Methoden und Tools"},"content":{"rendered":"\t\t<div data-elementor-type=\"wp-page\" data-elementor-id=\"47992\" class=\"elementor elementor-47992\" data-elementor-post-type=\"page\">\n\t\t\t\t\t\t<section class=\"elementor-section elementor-top-section elementor-element elementor-element-3084dfb elementor-section-boxed elementor-section-height-default elementor-section-height-default\" data-id=\"3084dfb\" data-element_type=\"section\" data-e-type=\"section\" data-settings=\"{&quot;background_background&quot;:&quot;classic&quot;}\">\n\t\t\t\t\t\t<div class=\"elementor-container elementor-column-gap-default\">\n\t\t\t\t\t<div class=\"elementor-column elementor-col-100 elementor-top-column elementor-element elementor-element-49b51c4\" data-id=\"49b51c4\" data-element_type=\"column\" data-e-type=\"column\">\n\t\t\t<div class=\"elementor-widget-wrap elementor-element-populated\">\n\t\t\t\t\t\t<div class=\"elementor-element elementor-element-6f49822 elementor-widget elementor-widget-heading\" data-id=\"6f49822\" data-element_type=\"widget\" data-e-type=\"widget\" data-widget_type=\"heading.default\">\n\t\t\t\t<div class=\"elementor-widget-container\">\n\t\t\t\t\t<h2 class=\"elementor-heading-title elementor-size-default\">Die besten Methoden und Tools zur <b>#Ideenfindung <\/b><\/h2>\t\t\t\t<\/div>\n\t\t\t\t<\/div>\n\t\t\t\t\t<\/div>\n\t\t<\/div>\n\t\t\t\t\t<\/div>\n\t\t<\/section>\n\t\t\t\t<section class=\"elementor-section elementor-top-section elementor-element elementor-element-9889cd6 elementor-section-boxed elementor-section-height-default elementor-section-height-default\" data-id=\"9889cd6\" data-element_type=\"section\" data-e-type=\"section\" data-settings=\"{&quot;background_background&quot;:&quot;classic&quot;}\">\n\t\t\t\t\t\t<div class=\"elementor-container elementor-column-gap-default\">\n\t\t\t\t\t<div class=\"elementor-column elementor-col-100 elementor-top-column elementor-element elementor-element-335dcf6\" data-id=\"335dcf6\" data-element_type=\"column\" data-e-type=\"column\">\n\t\t\t<div class=\"elementor-widget-wrap elementor-element-populated\">\n\t\t\t\t\t\t<div class=\"elementor-element elementor-element-9c14e6e elementor-widget elementor-widget-text-editor\" data-id=\"9c14e6e\" data-element_type=\"widget\" data-e-type=\"widget\" data-widget_type=\"text-editor.default\">\n\t\t\t\t<div class=\"elementor-widget-container\">\n\t\t\t\t\t\t\t\t\t<p>Ideenfindung &#8211; der Moment, in dem sich Kreative bestens austoben k\u00f6nnen. Du kommst auf keine guten Ideen? Dir fehlt Inspiration? Dann haben wir hier die 3 Lieblingsmethoden unseres verrocchio Teams. Perfekt f\u00fcr eine gro\u00dfartige Ideenfindungs-Session!<\/p><p>F\u00fcr die komplette Anleitung (und mehr als 700 weitere Methoden) bitte kostenfrei registrieren auf <a href=\"https:\/\/innovation.wiki\/registrieren\/\" target=\"_blank\" rel=\"noopener external noreferrer\" data-wpel-link=\"external\">www.innovation.wiki<\/a>. \u00a0<\/p>\t\t\t\t\t\t\t\t<\/div>\n\t\t\t\t<\/div>\n\t\t\t\t\t<\/div>\n\t\t<\/div>\n\t\t\t\t\t<\/div>\n\t\t<\/section>\n\t\t\t\t<section class=\"elementor-section elementor-top-section elementor-element elementor-element-64e02f7 elementor-section-boxed elementor-section-height-default elementor-section-height-default\" data-id=\"64e02f7\" data-element_type=\"section\" data-e-type=\"section\">\n\t\t\t\t\t\t<div class=\"elementor-container elementor-column-gap-default\">\n\t\t\t\t\t<div class=\"elementor-column elementor-col-50 elementor-top-column elementor-element elementor-element-29b4c59\" data-id=\"29b4c59\" data-element_type=\"column\" data-e-type=\"column\">\n\t\t\t<div class=\"elementor-widget-wrap elementor-element-populated\">\n\t\t\t\t\t\t<div class=\"elementor-element elementor-element-894dce8 elementor-widget elementor-widget-image\" data-id=\"894dce8\" data-element_type=\"widget\" data-e-type=\"widget\" data-widget_type=\"image.default\">\n\t\t\t\t<div class=\"elementor-widget-container\">\n\t\t\t\t\t\t\t\t\t\t\t\t\t\t\t\t<a href=\"https:\/\/innovation.wiki\/method\/brainwriting-pool\/\" target=\"_blank\" rel=\"noopener external noreferrer\" data-wpel-link=\"external\">\n\t\t\t\t\t\t\t<img fetchpriority=\"high\" decoding=\"async\" width=\"512\" height=\"512\" src=\"https:\/\/www.innovation.wiki\/wp-content\/uploads\/2022\/03\/thumbnail-3206.\" class=\"attachment-large size-large wp-image-37536\" alt=\"\" srcset=\"https:\/\/www.innovation.wiki\/wp-content\/uploads\/2022\/03\/thumbnail-3206. 512w, https:\/\/www.innovation.wiki\/wp-content\/uploads\/2022\/03\/thumbnail-3206-300x300. 300w, https:\/\/www.innovation.wiki\/wp-content\/uploads\/2022\/03\/thumbnail-3206-150x150. 150w\" sizes=\"(max-width: 512px) 100vw, 512px\" title=\"-\">\t\t\t\t\t\t\t\t<\/a>\n\t\t\t\t\t\t\t\t\t\t\t\t\t\t\t<\/div>\n\t\t\t\t<\/div>\n\t\t\t\t\t<\/div>\n\t\t<\/div>\n\t\t\t\t<div class=\"elementor-column elementor-col-50 elementor-top-column elementor-element elementor-element-f0eb188\" data-id=\"f0eb188\" data-element_type=\"column\" data-e-type=\"column\">\n\t\t\t<div class=\"elementor-widget-wrap elementor-element-populated\">\n\t\t\t\t\t\t<div class=\"elementor-element elementor-element-2e9127c elementor-widget elementor-widget-text-editor\" data-id=\"2e9127c\" data-element_type=\"widget\" data-e-type=\"widget\" data-widget_type=\"text-editor.default\">\n\t\t\t\t<div class=\"elementor-widget-container\">\n\t\t\t\t\t\t\t\t\t<h4>Brainwriting &#8211; Pool<\/h4>\t\t\t\t\t\t\t\t<\/div>\n\t\t\t\t<\/div>\n\t\t\t\t<div class=\"elementor-element elementor-element-4882a05 elementor-widget elementor-widget-text-editor\" data-id=\"4882a05\" data-element_type=\"widget\" data-e-type=\"widget\" data-widget_type=\"text-editor.default\">\n\t\t\t\t<div class=\"elementor-widget-container\">\n\t\t\t\t\t\t\t\t\t<p>Teamkreativit\u00e4tstechnik, die dynamische Inspiration, Ideenanreicherung und Ideenwertsch\u00e4tzung bietet. Ein Tisch, Post-It&#8217;s und 6 oder mehr Personen &#8211; das ist alles was ben\u00f6tigt wird.\u00a0<\/p>\t\t\t\t\t\t\t\t<\/div>\n\t\t\t\t<\/div>\n\t\t\t\t<div class=\"elementor-element elementor-element-0d65182 elementor-widget elementor-widget-button\" data-id=\"0d65182\" data-element_type=\"widget\" data-e-type=\"widget\" data-widget_type=\"button.default\">\n\t\t\t\t<div class=\"elementor-widget-container\">\n\t\t\t\t\t\t\t\t\t<div class=\"elementor-button-wrapper\">\n\t\t\t\t\t<a class=\"elementor-button elementor-button-link elementor-size-sm\" href=\"https:\/\/innovation.wiki\/method\/brainwriting-pool\/\" target=\"_blank\" rel=\"noopener external noreferrer\" data-wpel-link=\"external\">\n\t\t\t\t\t\t<span class=\"elementor-button-content-wrapper\">\n\t\t\t\t\t\t\t\t\t<span class=\"elementor-button-text\">Anleitung<\/span>\n\t\t\t\t\t<\/span>\n\t\t\t\t\t<\/a>\n\t\t\t\t<\/div>\n\t\t\t\t\t\t\t\t<\/div>\n\t\t\t\t<\/div>\n\t\t\t\t\t<\/div>\n\t\t<\/div>\n\t\t\t\t\t<\/div>\n\t\t<\/section>\n\t\t\t\t<section class=\"elementor-section elementor-top-section elementor-element elementor-element-14a5c0b elementor-section-boxed elementor-section-height-default elementor-section-height-default\" data-id=\"14a5c0b\" data-element_type=\"section\" data-e-type=\"section\">\n\t\t\t\t\t\t<div class=\"elementor-container elementor-column-gap-default\">\n\t\t\t\t\t<div class=\"elementor-column elementor-col-50 elementor-top-column elementor-element elementor-element-2b896de\" data-id=\"2b896de\" data-element_type=\"column\" data-e-type=\"column\">\n\t\t\t<div class=\"elementor-widget-wrap elementor-element-populated\">\n\t\t\t\t\t\t<div class=\"elementor-element elementor-element-d97607c elementor-widget elementor-widget-image\" data-id=\"d97607c\" data-element_type=\"widget\" data-e-type=\"widget\" data-widget_type=\"image.default\">\n\t\t\t\t<div class=\"elementor-widget-container\">\n\t\t\t\t\t\t\t\t\t\t\t\t\t\t\t\t<a href=\"https:\/\/innovation.wiki\/method\/kopfstandtechnik\/\" target=\"_blank\" rel=\"noopener external noreferrer\" data-wpel-link=\"external\">\n\t\t\t\t\t\t\t<img decoding=\"async\" width=\"512\" height=\"512\" src=\"https:\/\/www.innovation.wiki\/wp-content\/uploads\/2022\/03\/thumbnail-3312.\" class=\"attachment-large size-large wp-image-38873\" alt=\"\" srcset=\"https:\/\/www.innovation.wiki\/wp-content\/uploads\/2022\/03\/thumbnail-3312. 512w, https:\/\/www.innovation.wiki\/wp-content\/uploads\/2022\/03\/thumbnail-3312-300x300. 300w, https:\/\/www.innovation.wiki\/wp-content\/uploads\/2022\/03\/thumbnail-3312-150x150. 150w\" sizes=\"(max-width: 512px) 100vw, 512px\" title=\"-\">\t\t\t\t\t\t\t\t<\/a>\n\t\t\t\t\t\t\t\t\t\t\t\t\t\t\t<\/div>\n\t\t\t\t<\/div>\n\t\t\t\t\t<\/div>\n\t\t<\/div>\n\t\t\t\t<div class=\"elementor-column elementor-col-50 elementor-top-column elementor-element elementor-element-19dce7d\" data-id=\"19dce7d\" data-element_type=\"column\" data-e-type=\"column\">\n\t\t\t<div class=\"elementor-widget-wrap elementor-element-populated\">\n\t\t\t\t\t\t<div class=\"elementor-element elementor-element-7b598f7 elementor-widget elementor-widget-text-editor\" data-id=\"7b598f7\" data-element_type=\"widget\" data-e-type=\"widget\" data-widget_type=\"text-editor.default\">\n\t\t\t\t<div class=\"elementor-widget-container\">\n\t\t\t\t\t\t\t\t\t<h4>Kopfstandtechnik<\/h4>\t\t\t\t\t\t\t\t<\/div>\n\t\t\t\t<\/div>\n\t\t\t\t<div class=\"elementor-element elementor-element-15d06ce elementor-widget elementor-widget-text-editor\" data-id=\"15d06ce\" data-element_type=\"widget\" data-e-type=\"widget\" data-widget_type=\"text-editor.default\">\n\t\t\t\t<div class=\"elementor-widget-container\">\n\t\t\t\t\t\t\t\t\t<p>\u00a0Mit der Kopfstand-Methode wird es jetzt ein wenig verr\u00fcckt oder auch ungewohnt. Denn gemeinsam mit Ihrem Team formulieren Sie Ihre Herausforderung neu und verdrehen sie dabei genau ins Gegenteil. Sie stellen das Problem also sprichw\u00f6rtlich auf den Kopf, um neue Perspektiven und Ideen zu generieren.<\/p>\t\t\t\t\t\t\t\t<\/div>\n\t\t\t\t<\/div>\n\t\t\t\t<div class=\"elementor-element elementor-element-c0e3555 elementor-widget elementor-widget-button\" data-id=\"c0e3555\" data-element_type=\"widget\" data-e-type=\"widget\" data-widget_type=\"button.default\">\n\t\t\t\t<div class=\"elementor-widget-container\">\n\t\t\t\t\t\t\t\t\t<div class=\"elementor-button-wrapper\">\n\t\t\t\t\t<a class=\"elementor-button elementor-button-link elementor-size-sm\" href=\"https:\/\/innovation.wiki\/method\/kopfstandtechnik\/\" target=\"_blank\" rel=\"noopener external noreferrer\" data-wpel-link=\"external\">\n\t\t\t\t\t\t<span class=\"elementor-button-content-wrapper\">\n\t\t\t\t\t\t\t\t\t<span class=\"elementor-button-text\">Anleitung<\/span>\n\t\t\t\t\t<\/span>\n\t\t\t\t\t<\/a>\n\t\t\t\t<\/div>\n\t\t\t\t\t\t\t\t<\/div>\n\t\t\t\t<\/div>\n\t\t\t\t\t<\/div>\n\t\t<\/div>\n\t\t\t\t\t<\/div>\n\t\t<\/section>\n\t\t\t\t<section class=\"elementor-section elementor-top-section elementor-element elementor-element-e785ea3 elementor-section-boxed elementor-section-height-default elementor-section-height-default\" data-id=\"e785ea3\" data-element_type=\"section\" data-e-type=\"section\">\n\t\t\t\t\t\t<div class=\"elementor-container elementor-column-gap-default\">\n\t\t\t\t\t<div class=\"elementor-column elementor-col-50 elementor-top-column elementor-element elementor-element-c12d4a3\" data-id=\"c12d4a3\" data-element_type=\"column\" data-e-type=\"column\">\n\t\t\t<div class=\"elementor-widget-wrap elementor-element-populated\">\n\t\t\t\t\t\t<div class=\"elementor-element elementor-element-b6880f2 elementor-widget elementor-widget-image\" data-id=\"b6880f2\" data-element_type=\"widget\" data-e-type=\"widget\" data-widget_type=\"image.default\">\n\t\t\t\t<div class=\"elementor-widget-container\">\n\t\t\t\t\t\t\t\t\t\t\t\t\t\t\t\t<a href=\"https:\/\/innovation.wiki\/method\/scamper\/\" target=\"_blank\" rel=\"noopener external noreferrer\" data-wpel-link=\"external\">\n\t\t\t\t\t\t\t<img decoding=\"async\" width=\"512\" height=\"512\" src=\"https:\/\/www.innovation.wiki\/wp-content\/uploads\/2022\/03\/thumbnail-3175.\" class=\"attachment-large size-large wp-image-37204\" alt=\"\" srcset=\"https:\/\/www.innovation.wiki\/wp-content\/uploads\/2022\/03\/thumbnail-3175. 512w, https:\/\/www.innovation.wiki\/wp-content\/uploads\/2022\/03\/thumbnail-3175-300x300. 300w, https:\/\/www.innovation.wiki\/wp-content\/uploads\/2022\/03\/thumbnail-3175-150x150. 150w\" sizes=\"(max-width: 512px) 100vw, 512px\" title=\"-\">\t\t\t\t\t\t\t\t<\/a>\n\t\t\t\t\t\t\t\t\t\t\t\t\t\t\t<\/div>\n\t\t\t\t<\/div>\n\t\t\t\t\t<\/div>\n\t\t<\/div>\n\t\t\t\t<div class=\"elementor-column elementor-col-50 elementor-top-column elementor-element elementor-element-879e3fe\" data-id=\"879e3fe\" data-element_type=\"column\" data-e-type=\"column\">\n\t\t\t<div class=\"elementor-widget-wrap elementor-element-populated\">\n\t\t\t\t\t\t<div class=\"elementor-element elementor-element-0355086 elementor-widget elementor-widget-text-editor\" data-id=\"0355086\" data-element_type=\"widget\" data-e-type=\"widget\" data-widget_type=\"text-editor.default\">\n\t\t\t\t<div class=\"elementor-widget-container\">\n\t\t\t\t\t\t\t\t\t<h4>Scamper<\/h4>\t\t\t\t\t\t\t\t<\/div>\n\t\t\t\t<\/div>\n\t\t\t\t<div class=\"elementor-element elementor-element-44ca0d8 elementor-widget elementor-widget-text-editor\" data-id=\"44ca0d8\" data-element_type=\"widget\" data-e-type=\"widget\" data-widget_type=\"text-editor.default\">\n\t\t\t\t<div class=\"elementor-widget-container\">\n\t\t\t\t\t\t\t\t\t<p>Scamper ist eine Kreativmethode zur schnellen Variantengenerierung \u00fcber sieben unterschiedliche Denkwege. Gro\u00dfartig wenn es bereits ein Produkt oder einen Service gibt, der verbessert werden soll.<\/p>\t\t\t\t\t\t\t\t<\/div>\n\t\t\t\t<\/div>\n\t\t\t\t<div class=\"elementor-element elementor-element-f1c7b16 elementor-widget elementor-widget-button\" data-id=\"f1c7b16\" data-element_type=\"widget\" data-e-type=\"widget\" data-widget_type=\"button.default\">\n\t\t\t\t<div class=\"elementor-widget-container\">\n\t\t\t\t\t\t\t\t\t<div class=\"elementor-button-wrapper\">\n\t\t\t\t\t<a class=\"elementor-button elementor-button-link elementor-size-sm\" href=\"https:\/\/innovation.wiki\/method\/scamper\/\" target=\"_blank\" rel=\"noopener external noreferrer\" data-wpel-link=\"external\">\n\t\t\t\t\t\t<span class=\"elementor-button-content-wrapper\">\n\t\t\t\t\t\t\t\t\t<span class=\"elementor-button-text\">Anleitung<\/span>\n\t\t\t\t\t<\/span>\n\t\t\t\t\t<\/a>\n\t\t\t\t<\/div>\n\t\t\t\t\t\t\t\t<\/div>\n\t\t\t\t<\/div>\n\t\t\t\t\t<\/div>\n\t\t<\/div>\n\t\t\t\t\t<\/div>\n\t\t<\/section>\n\t\t\t\t<\/div>\n\t\t","protected":false},"excerpt":{"rendered":"<p>Die besten Methoden und Tools zur #Ideenfindung Ideenfindung &#8211; der Moment, in dem sich Kreative bestens austoben k\u00f6nnen. Du kommst auf keine guten Ideen? Dir fehlt Inspiration? Dann haben wir hier die 3 Lieblingsmethoden unseres verrocchio Teams. Perfekt f\u00fcr eine gro\u00dfartige Ideenfindungs-Session! F\u00fcr die komplette Anleitung (und mehr als 700 weitere Methoden) bitte kostenfrei registrieren&#8230;<\/p>\n","protected":false},"author":1,"featured_media":0,"parent":48207,"menu_order":0,"comment_status":"closed","ping_status":"closed","template":"elementor_header_footer","meta":{"_surecart_dashboard_logo_width":"180px","_surecart_dashboard_show_logo":true,"_surecart_dashboard_navigation_orders":true,"_surecart_dashboard_navigation_invoices":true,"_surecart_dashboard_navigation_subscriptions":true,"_surecart_dashboard_navigation_downloads":true,"_surecart_dashboard_navigation_billing":true,"_surecart_dashboard_navigation_account":true,"_kad_post_transparent":"","_kad_post_title":"hide","_kad_post_layout":"fullwidth","_kad_post_sidebar_id":"","_kad_post_content_style":"unboxed","_kad_post_vertical_padding":"hide","_kad_post_feature":"hide","_kad_post_feature_position":"","_kad_post_header":false,"_kad_post_footer":false,"_kad_post_classname":"","footnotes":""},"class_list":["post-47992","page","type-page","status-publish","hentry"],"_links":{"self":[{"href":"https:\/\/www.innovation.wiki\/de\/wp-json\/wp\/v2\/pages\/47992","targetHints":{"allow":["GET"]}}],"collection":[{"href":"https:\/\/www.innovation.wiki\/de\/wp-json\/wp\/v2\/pages"}],"about":[{"href":"https:\/\/www.innovation.wiki\/de\/wp-json\/wp\/v2\/types\/page"}],"author":[{"embeddable":true,"href":"https:\/\/www.innovation.wiki\/de\/wp-json\/wp\/v2\/users\/1"}],"replies":[{"embeddable":true,"href":"https:\/\/www.innovation.wiki\/de\/wp-json\/wp\/v2\/comments?post=47992"}],"version-history":[{"count":29,"href":"https:\/\/www.innovation.wiki\/de\/wp-json\/wp\/v2\/pages\/47992\/revisions"}],"predecessor-version":[{"id":48023,"href":"https:\/\/www.innovation.wiki\/de\/wp-json\/wp\/v2\/pages\/47992\/revisions\/48023"}],"up":[{"embeddable":true,"href":"https:\/\/www.innovation.wiki\/de\/wp-json\/wp\/v2\/pages\/48207"}],"wp:attachment":[{"href":"https:\/\/www.innovation.wiki\/de\/wp-json\/wp\/v2\/media?parent=47992"}],"curies":[{"name":"wp","href":"https:\/\/api.w.org\/{rel}","templated":true}]}}