{"id":49731,"date":"2023-07-09T08:56:16","date_gmt":"2023-07-09T08:56:16","guid":{"rendered":"https:\/\/g9hq0oamq8.onrocket.site\/?page_id=49731"},"modified":"2023-08-14T14:13:08","modified_gmt":"2023-08-14T14:13:08","slug":"ask-flip","status":"publish","type":"page","link":"https:\/\/www.innovation.wiki\/de\/ask-flip\/","title":{"rendered":"ASK FLIP"},"content":{"rendered":"\t\t<div data-elementor-type=\"wp-page\" data-elementor-id=\"49731\" class=\"elementor elementor-49731\" data-elementor-post-type=\"page\">\n\t\t\t\t\t\t<section class=\"elementor-section elementor-top-section elementor-element elementor-element-4c557ca elementor-section-boxed elementor-section-height-default elementor-section-height-default\" data-id=\"4c557ca\" data-element_type=\"section\" data-e-type=\"section\">\n\t\t\t\t\t\t<div class=\"elementor-container elementor-column-gap-default\">\n\t\t\t\t\t<div class=\"elementor-column elementor-col-50 elementor-top-column elementor-element elementor-element-b6fe9a4\" data-id=\"b6fe9a4\" data-element_type=\"column\" data-e-type=\"column\">\n\t\t\t<div class=\"elementor-widget-wrap elementor-element-populated\">\n\t\t\t\t\t\t<div class=\"elementor-element elementor-element-89cca21 elementor-widget elementor-widget-image\" data-id=\"89cca21\" data-element_type=\"widget\" data-e-type=\"widget\" data-widget_type=\"image.default\">\n\t\t\t\t<div class=\"elementor-widget-container\">\n\t\t\t\t\t\t\t\t\t\t\t\t\t\t\t<img fetchpriority=\"high\" decoding=\"async\" width=\"750\" height=\"750\" src=\"https:\/\/www.innovation.wiki\/wp-content\/uploads\/2022\/05\/Methoden.png\" class=\"attachment-large size-large wp-image-45871\" alt=\"\" srcset=\"https:\/\/www.innovation.wiki\/wp-content\/uploads\/2022\/05\/Methoden.png 750w, https:\/\/www.innovation.wiki\/wp-content\/uploads\/2022\/05\/Methoden-300x300.png 300w, https:\/\/www.innovation.wiki\/wp-content\/uploads\/2022\/05\/Methoden-150x150.png 150w\" sizes=\"(max-width: 750px) 100vw, 750px\" title=\"-\">\t\t\t\t\t\t\t\t\t\t\t\t\t\t\t<\/div>\n\t\t\t\t<\/div>\n\t\t\t\t\t<\/div>\n\t\t<\/div>\n\t\t\t\t<div class=\"elementor-column elementor-col-50 elementor-top-column elementor-element elementor-element-7b444f2\" data-id=\"7b444f2\" data-element_type=\"column\" data-e-type=\"column\">\n\t\t\t<div class=\"elementor-widget-wrap elementor-element-populated\">\n\t\t\t\t\t\t<div class=\"elementor-element elementor-element-9badd13 elementor-widget elementor-widget-heading\" data-id=\"9badd13\" data-element_type=\"widget\" data-e-type=\"widget\" data-widget_type=\"heading.default\">\n\t\t\t\t<div class=\"elementor-widget-container\">\n\t\t\t\t\t<h2 class=\"elementor-heading-title elementor-size-default\">Goodbye FLIP<br><br><\/h2>\t\t\t\t<\/div>\n\t\t\t\t<\/div>\n\t\t\t\t<div class=\"elementor-element elementor-element-dbe5f69 elementor-headline--style-highlight elementor-widget elementor-widget-animated-headline\" data-id=\"dbe5f69\" data-element_type=\"widget\" data-e-type=\"widget\" data-settings=\"{&quot;marker&quot;:&quot;double&quot;,&quot;highlighted_text&quot;:&quot;Innovation Wiki&quot;,&quot;headline_style&quot;:&quot;highlight&quot;,&quot;loop&quot;:&quot;yes&quot;,&quot;highlight_animation_duration&quot;:1200,&quot;highlight_iteration_delay&quot;:8000}\" data-widget_type=\"animated-headline.default\">\n\t\t\t\t<div class=\"elementor-widget-container\">\n\t\t\t\t\t\t\t<h3 class=\"elementor-headline\">\n\t\t\t\t\t<span class=\"elementor-headline-plain-text elementor-headline-text-wrapper\">Welcome<\/span>\n\t\t\t\t<span class=\"elementor-headline-dynamic-wrapper elementor-headline-text-wrapper\">\n\t\t\t\t\t<span class=\"elementor-headline-dynamic-text elementor-headline-text-active\">Innovation Wiki<\/span>\n\t\t\t\t<\/span>\n\t\t\t\t<\/h3>\n\t\t\t\t\t\t<\/div>\n\t\t\t\t<\/div>\n\t\t\t\t\t<\/div>\n\t\t<\/div>\n\t\t\t\t\t<\/div>\n\t\t<\/section>\n\t\t\t\t<section class=\"elementor-section elementor-top-section elementor-element elementor-element-6e2b3d7 elementor-section-boxed elementor-section-height-default elementor-section-height-default\" data-id=\"6e2b3d7\" data-element_type=\"section\" data-e-type=\"section\">\n\t\t\t\t\t\t<div class=\"elementor-container elementor-column-gap-default\">\n\t\t\t\t\t<div class=\"elementor-column elementor-col-50 elementor-top-column elementor-element elementor-element-6fa6f24\" data-id=\"6fa6f24\" data-element_type=\"column\" data-e-type=\"column\">\n\t\t\t<div class=\"elementor-widget-wrap elementor-element-populated\">\n\t\t\t\t\t\t<div class=\"elementor-element elementor-element-9618063 elementor-widget elementor-widget-spacer\" data-id=\"9618063\" data-element_type=\"widget\" data-e-type=\"widget\" data-widget_type=\"spacer.default\">\n\t\t\t\t<div class=\"elementor-widget-container\">\n\t\t\t\t\t\t\t<div class=\"elementor-spacer\">\n\t\t\t<div class=\"elementor-spacer-inner\"><\/div>\n\t\t<\/div>\n\t\t\t\t\t\t<\/div>\n\t\t\t\t<\/div>\n\t\t\t\t<div class=\"elementor-element elementor-element-733e420 elementor-widget elementor-widget-heading\" data-id=\"733e420\" data-element_type=\"widget\" data-e-type=\"widget\" data-widget_type=\"heading.default\">\n\t\t\t\t<div class=\"elementor-widget-container\">\n\t\t\t\t\t<h2 class=\"elementor-heading-title elementor-size-default\">Was f\u00fcr eine Reise! <\/h2>\t\t\t\t<\/div>\n\t\t\t\t<\/div>\n\t\t\t\t<div class=\"elementor-element elementor-element-b5fde9a elementor-widget elementor-widget-text-editor\" data-id=\"b5fde9a\" data-element_type=\"widget\" data-e-type=\"widget\" data-widget_type=\"text-editor.default\">\n\t\t\t\t<div class=\"elementor-widget-container\">\n\t\t\t\t\t\t\t\t\t<p>Seit wir im Jahre 2018&nbsp;<span style=\"color: var(--global-palette4); font-family: var(--global-body-font-family);\">unsere Online-Methodendatenbank<\/span><span style=\"color: var(--global-palette4); font-family: var(--global-body-font-family);\">&nbsp;<\/span><span style=\"color: var(--global-palette4); font-family: var(--global-body-font-family);\">ASK FLIP ver\u00f6ffentlicht haben, hat sich vieles getan. Tausende von Menschen haben unsere Methoden und Toolbeschreibungen genutzt um ihre Workshops und Meetings besser zu machen.<\/span><\/p>\n<p><span style=\"color: var(--global-palette4); font-family: var(--global-body-font-family);\">Aber auch technologisch hat sich einiges ver\u00e4ndert und nachdem die M\u00f6glichkeiten der alten Plattform ausgesch\u00f6pft waren, haben wir uns nach 5 Jahren FLIP entschlossen, nicht nur auf eine neue Technologie zu setzen, sondern auch das gesamte Konzept der Online-Methodensuche neu zu denken.&nbsp;<\/span><\/p>\n<p><span style=\"color: var(--global-palette4); font-family: var(--global-body-font-family);\">Hier ist es nun: <a href=\"https:\/\/www.innovation.wiki\/de\" data-wpel-link=\"external\" rel=\"external noopener noreferrer\"><b>Das Innovation Wiki<\/b>&nbsp;<\/a><\/span><\/p>\t\t\t\t\t\t\t\t<\/div>\n\t\t\t\t<\/div>\n\t\t\t\t\t<\/div>\n\t\t<\/div>\n\t\t\t\t<div class=\"elementor-column elementor-col-50 elementor-top-column elementor-element elementor-element-51f3d31\" data-id=\"51f3d31\" data-element_type=\"column\" data-e-type=\"column\">\n\t\t\t<div class=\"elementor-widget-wrap elementor-element-populated\">\n\t\t\t\t\t\t<div class=\"elementor-element elementor-element-1afe037 elementor-widget elementor-widget-image\" data-id=\"1afe037\" data-element_type=\"widget\" data-e-type=\"widget\" data-widget_type=\"image.default\">\n\t\t\t\t<div class=\"elementor-widget-container\">\n\t\t\t\t\t\t\t\t\t\t\t\t\t\t\t<img decoding=\"async\" width=\"1024\" height=\"1024\" src=\"https:\/\/www.innovation.wiki\/wp-content\/uploads\/2022\/05\/Verrocchio-Vorstellung20-1024x1024.png\" class=\"attachment-large size-large wp-image-45417\" alt=\"\" srcset=\"https:\/\/www.innovation.wiki\/wp-content\/uploads\/2022\/05\/Verrocchio-Vorstellung20-1024x1024.png 1024w, https:\/\/www.innovation.wiki\/wp-content\/uploads\/2022\/05\/Verrocchio-Vorstellung20-300x300.png 300w, https:\/\/www.innovation.wiki\/wp-content\/uploads\/2022\/05\/Verrocchio-Vorstellung20-150x150.png 150w, https:\/\/www.innovation.wiki\/wp-content\/uploads\/2022\/05\/Verrocchio-Vorstellung20-768x768.png 768w, https:\/\/www.innovation.wiki\/wp-content\/uploads\/2022\/05\/Verrocchio-Vorstellung20.png 1250w\" sizes=\"(max-width: 1024px) 100vw, 1024px\" title=\"-\">\t\t\t\t\t\t\t\t\t\t\t\t\t\t\t<\/div>\n\t\t\t\t<\/div>\n\t\t\t\t\t<\/div>\n\t\t<\/div>\n\t\t\t\t\t<\/div>\n\t\t<\/section>\n\t\t\t\t<section class=\"elementor-section elementor-top-section elementor-element elementor-element-d091854 elementor-section-boxed elementor-section-height-default elementor-section-height-default\" data-id=\"d091854\" data-element_type=\"section\" data-e-type=\"section\">\n\t\t\t\t\t\t<div class=\"elementor-container elementor-column-gap-default\">\n\t\t\t\t\t<div class=\"elementor-column elementor-col-50 elementor-top-column elementor-element elementor-element-be5066a\" data-id=\"be5066a\" data-element_type=\"column\" data-e-type=\"column\">\n\t\t\t<div class=\"elementor-widget-wrap elementor-element-populated\">\n\t\t\t\t\t\t<div class=\"elementor-element elementor-element-72d9b20 elementor-widget elementor-widget-image\" data-id=\"72d9b20\" data-element_type=\"widget\" data-e-type=\"widget\" data-widget_type=\"image.default\">\n\t\t\t\t<div class=\"elementor-widget-container\">\n\t\t\t\t\t\t\t\t\t\t\t\t\t\t\t<img decoding=\"async\" width=\"440\" height=\"103\" src=\"https:\/\/www.innovation.wiki\/wp-content\/uploads\/2022\/05\/cropped-cropped-6.png\" class=\"attachment-large size-large wp-image-43654\" alt=\"\" srcset=\"https:\/\/www.innovation.wiki\/wp-content\/uploads\/2022\/05\/cropped-cropped-6.png 440w, https:\/\/www.innovation.wiki\/wp-content\/uploads\/2022\/05\/cropped-cropped-6-300x70.png 300w\" sizes=\"(max-width: 440px) 100vw, 440px\" title=\"-\">\t\t\t\t\t\t\t\t\t\t\t\t\t\t\t<\/div>\n\t\t\t\t<\/div>\n\t\t\t\t\t<\/div>\n\t\t<\/div>\n\t\t\t\t<div class=\"elementor-column elementor-col-50 elementor-top-column elementor-element elementor-element-da5c631\" data-id=\"da5c631\" data-element_type=\"column\" data-e-type=\"column\">\n\t\t\t<div class=\"elementor-widget-wrap elementor-element-populated\">\n\t\t\t\t\t\t<div class=\"elementor-element elementor-element-9465569 elementor-widget elementor-widget-spacer\" data-id=\"9465569\" data-element_type=\"widget\" data-e-type=\"widget\" data-widget_type=\"spacer.default\">\n\t\t\t\t<div class=\"elementor-widget-container\">\n\t\t\t\t\t\t\t<div class=\"elementor-spacer\">\n\t\t\t<div class=\"elementor-spacer-inner\"><\/div>\n\t\t<\/div>\n\t\t\t\t\t\t<\/div>\n\t\t\t\t<\/div>\n\t\t\t\t<div class=\"elementor-element elementor-element-a49e6cf elementor-widget elementor-widget-heading\" data-id=\"a49e6cf\" data-element_type=\"widget\" data-e-type=\"widget\" data-widget_type=\"heading.default\">\n\t\t\t\t<div class=\"elementor-widget-container\">\n\t\t\t\t\t<h2 class=\"elementor-heading-title elementor-size-default\">Das neue Innovation Wiki<\/h2>\t\t\t\t<\/div>\n\t\t\t\t<\/div>\n\t\t\t\t<div class=\"elementor-element elementor-element-7115d05 elementor-widget elementor-widget-text-editor\" data-id=\"7115d05\" data-element_type=\"widget\" data-e-type=\"widget\" data-widget_type=\"text-editor.default\">\n\t\t\t\t<div class=\"elementor-widget-container\">\n\t\t\t\t\t\t\t\t\t<p>Das neue <b>Innovation Wiki <\/b>ist <b>umfassender und gr\u00f6\u00dfer<\/b> als je zuvor. Bereits zum Start ist die Anzahl der Methoden um 30% gr\u00f6\u00dfer als vorher, sie wird auch noch kontinuierlich erweitert.<\/p><p><b>Mehr als nur eine Methodensuche<\/b>. Mit dem Navigator haben wir einen umfassenden Innovationsblog gestartet, der dir alle Fragen zum Thema Innovation beantwortet.<\/p><p><b>Nicht nur f\u00fcr Innovationsprofis. <\/b>Das Thema Innovation ben\u00f6tigt heute viel breitere Kompetenz als vor einigen Jahren. Wir integrieren in das I<b>nnovation Wiki <\/b>Know-How und Werkzeuge f\u00fcr die 3 gro\u00dfen Herausforderungen unserer Zeit. Innovation, Digitalisierung und Nachhaltigkeit.<\/p><p><b>Wissen aus und f\u00fcr die Praxis<\/b>. Die Entwicklung des Innovation Wiki wird weiterhin sehr stark von unseren Projekterfahrungen im <a href=\"https:\/\/www.verrocchio.institute\" target=\"_blank\" rel=\"noopener external noreferrer\" data-wpel-link=\"external\">verrocchio Institute<\/a>\u00a0profitieren und zus\u00e4tzlich viele Beitr\u00e4ge weiterer Innovationsprofis aus unserem Netzwerk, den <a href=\"https:\/\/innovation.wiki\/all-thinkers\/\" target=\"_blank\" rel=\"noopener external noreferrer\" data-wpel-link=\"external\">verrocchio Thinkers<\/a> beinhalten.<\/p>\t\t\t\t\t\t\t\t<\/div>\n\t\t\t\t<\/div>\n\t\t\t\t\t<\/div>\n\t\t<\/div>\n\t\t\t\t\t<\/div>\n\t\t<\/section>\n\t\t\t\t<section class=\"elementor-section elementor-top-section elementor-element elementor-element-60f93668 elementor-section-content-middle elementor-section-boxed elementor-section-height-default elementor-section-height-default\" data-id=\"60f93668\" data-element_type=\"section\" data-e-type=\"section\" data-settings=\"{&quot;background_background&quot;:&quot;classic&quot;}\">\n\t\t\t\t\t\t<div class=\"elementor-container elementor-column-gap-no\">\n\t\t\t\t\t<div class=\"elementor-column elementor-col-100 elementor-top-column elementor-element elementor-element-42758aa7\" data-id=\"42758aa7\" data-element_type=\"column\" data-e-type=\"column\">\n\t\t\t<div class=\"elementor-widget-wrap elementor-element-populated\">\n\t\t\t\t\t\t<div data-dce-title-color=\"#000000\" class=\"elementor-element elementor-element-46088bf0 elementor-widget elementor-widget-heading\" data-id=\"46088bf0\" data-element_type=\"widget\" data-e-type=\"widget\" data-widget_type=\"heading.default\">\n\t\t\t\t<div class=\"elementor-widget-container\">\n\t\t\t\t\t<h2 class=\"elementor-heading-title elementor-size-default\">FAQ<\/h2>\t\t\t\t<\/div>\n\t\t\t\t<\/div>\n\t\t\t\t<section class=\"elementor-section elementor-inner-section elementor-element elementor-element-37662d83 elementor-section-content-top elementor-section-boxed elementor-section-height-default elementor-section-height-default\" data-id=\"37662d83\" data-element_type=\"section\" data-e-type=\"section\">\n\t\t\t\t\t\t<div class=\"elementor-container elementor-column-gap-no\">\n\t\t\t\t\t<div class=\"elementor-column elementor-col-50 elementor-inner-column elementor-element elementor-element-490e19f\" data-id=\"490e19f\" data-element_type=\"column\" data-e-type=\"column\">\n\t\t\t<div class=\"elementor-widget-wrap elementor-element-populated\">\n\t\t\t\t\t\t<div data-dce-title-color=\"#000000\" class=\"elementor-element elementor-element-d24b845 elementor-widget elementor-widget-heading\" data-id=\"d24b845\" data-element_type=\"widget\" data-e-type=\"widget\" data-widget_type=\"heading.default\">\n\t\t\t\t<div class=\"elementor-widget-container\">\n\t\t\t\t\t<h4 class=\"elementor-heading-title elementor-size-default\">Was passiert mit meinem FLIP-Account?<\/h4>\t\t\t\t<\/div>\n\t\t\t\t<\/div>\n\t\t\t\t<div data-dce-text-color=\"#7E7E7E\" class=\"elementor-element elementor-element-62ed060a elementor-widget elementor-widget-text-editor\" data-id=\"62ed060a\" data-element_type=\"widget\" data-e-type=\"widget\" data-widget_type=\"text-editor.default\">\n\t\t\t\t<div class=\"elementor-widget-container\">\n\t\t\t\t\t\t\t\t\t<p>Wir haben alle bestehenden Kunden-Accounts in das Innovation Wiki \u00fcbernommen. Nat\u00fcrlich haben wir keinen Zugriff auf dein Passwort. Dies musst Du also einmalig neu vergeben.&nbsp; Bitte gebe dazu unter <a href=\"https:\/\/innovation.wiki\/login\/?action=lostpassword\" target=\"_blank\" rel=\"noopener external noreferrer\" data-wpel-link=\"external\">Passwort vergessen<\/a> deine Nutzernamen\/deine E-Mail-Adresse an und du erh\u00e4ltst einen Link, mit dem du dir ein neues Passwort erstellen kannst.&nbsp;<span style=\"background-color: var( --e-global-color-kadence7 ); font-family: var(--global-body-font-family);\">&nbsp;&nbsp;<\/span><\/p>\t\t\t\t\t\t\t\t<\/div>\n\t\t\t\t<\/div>\n\t\t\t\t\t<\/div>\n\t\t<\/div>\n\t\t\t\t<div class=\"elementor-column elementor-col-50 elementor-inner-column elementor-element elementor-element-7571e39\" data-id=\"7571e39\" data-element_type=\"column\" data-e-type=\"column\">\n\t\t\t<div class=\"elementor-widget-wrap elementor-element-populated\">\n\t\t\t\t\t\t<div data-dce-title-color=\"#000000\" class=\"elementor-element elementor-element-86db786 elementor-widget elementor-widget-heading\" data-id=\"86db786\" data-element_type=\"widget\" data-e-type=\"widget\" data-widget_type=\"heading.default\">\n\t\t\t\t<div class=\"elementor-widget-container\">\n\t\t\t\t\t<h4 class=\"elementor-heading-title elementor-size-default\">Wird es wieder einen Premium Account geben?<\/h4>\t\t\t\t<\/div>\n\t\t\t\t<\/div>\n\t\t\t\t<div data-dce-text-color=\"#7E7E7E\" class=\"elementor-element elementor-element-c1c8106 elementor-widget elementor-widget-text-editor\" data-id=\"c1c8106\" data-element_type=\"widget\" data-e-type=\"widget\" data-widget_type=\"text-editor.default\">\n\t\t\t\t<div class=\"elementor-widget-container\">\n\t\t\t\t\t\t\t\t\t<p>Wir arbeiten aktuell an einer PRO-Version des Innovation Wiki, die viele neue Funktionen erhalten wird und den alten FLIP Premium Account nicht nur ersetzen, sondern erweitern wird. Als registrierter Nutzer bekommst du automatisch ein Info, sobald die PRO Version verf\u00fcgbar ist.\u00a0<\/p><p>\u00a0\u00a0<\/p>\t\t\t\t\t\t\t\t<\/div>\n\t\t\t\t<\/div>\n\t\t\t\t\t<\/div>\n\t\t<\/div>\n\t\t\t\t\t<\/div>\n\t\t<\/section>\n\t\t\t\t\t<\/div>\n\t\t<\/div>\n\t\t\t\t\t<\/div>\n\t\t<\/section>\n\t\t\t\t<section class=\"elementor-section elementor-top-section elementor-element elementor-element-faf0533 elementor-section-boxed elementor-section-height-default elementor-section-height-default\" data-id=\"faf0533\" data-element_type=\"section\" data-e-type=\"section\" data-settings=\"{&quot;background_background&quot;:&quot;classic&quot;}\">\n\t\t\t\t\t\t<div class=\"elementor-container elementor-column-gap-default\">\n\t\t\t\t\t<div class=\"elementor-column elementor-col-100 elementor-top-column elementor-element elementor-element-ba6bd0b\" data-id=\"ba6bd0b\" data-element_type=\"column\" data-e-type=\"column\">\n\t\t\t<div class=\"elementor-widget-wrap elementor-element-populated\">\n\t\t\t\t\t\t<div class=\"elementor-element elementor-element-5a24021 elementor-widget elementor-widget-text-editor\" data-id=\"5a24021\" data-element_type=\"widget\" data-e-type=\"widget\" data-widget_type=\"text-editor.default\">\n\t\t\t\t<div class=\"elementor-widget-container\">\n\t\t\t\t\t\t\t\t\t<p>Du hast weitere Fragen, dann schick uns bitte eine Nachricht: <a href=\"https:\/\/www.innovation.wiki\/de\/faq\/\" data-wpel-link=\"internal\">https:\/\/innovation.wiki\/faq\/<\/a><\/p>\t\t\t\t\t\t\t\t<\/div>\n\t\t\t\t<\/div>\n\t\t\t\t\t<\/div>\n\t\t<\/div>\n\t\t\t\t\t<\/div>\n\t\t<\/section>\n\t\t\t\t<\/div>\n\t\t","protected":false},"excerpt":{"rendered":"<p>Goodbye FLIP Welcome Innovation Wiki Was f\u00fcr eine Reise! Seit wir im Jahre 2018&nbsp;unsere Online-Methodendatenbank&nbsp;ASK FLIP ver\u00f6ffentlicht haben, hat sich vieles getan. Tausende von Menschen haben unsere Methoden und Toolbeschreibungen genutzt um ihre Workshops und Meetings besser zu machen. Aber auch technologisch hat sich einiges ver\u00e4ndert und nachdem die M\u00f6glichkeiten der alten Plattform ausgesch\u00f6pft waren,&#8230;<\/p>\n","protected":false},"author":1,"featured_media":0,"parent":0,"menu_order":0,"comment_status":"closed","ping_status":"closed","template":"elementor_header_footer","meta":{"_surecart_dashboard_logo_width":"180px","_surecart_dashboard_show_logo":true,"_surecart_dashboard_navigation_orders":true,"_surecart_dashboard_navigation_invoices":true,"_surecart_dashboard_navigation_subscriptions":true,"_surecart_dashboard_navigation_downloads":true,"_surecart_dashboard_navigation_billing":true,"_surecart_dashboard_navigation_account":true,"_kad_post_transparent":"","_kad_post_title":"hide","_kad_post_layout":"fullwidth","_kad_post_sidebar_id":"","_kad_post_content_style":"unboxed","_kad_post_vertical_padding":"hide","_kad_post_feature":"hide","_kad_post_feature_position":"","_kad_post_header":false,"_kad_post_footer":false,"_kad_post_classname":"","footnotes":""},"class_list":["post-49731","page","type-page","status-publish","hentry"],"_links":{"self":[{"href":"https:\/\/www.innovation.wiki\/de\/wp-json\/wp\/v2\/pages\/49731","targetHints":{"allow":["GET"]}}],"collection":[{"href":"https:\/\/www.innovation.wiki\/de\/wp-json\/wp\/v2\/pages"}],"about":[{"href":"https:\/\/www.innovation.wiki\/de\/wp-json\/wp\/v2\/types\/page"}],"author":[{"embeddable":true,"href":"https:\/\/www.innovation.wiki\/de\/wp-json\/wp\/v2\/users\/1"}],"replies":[{"embeddable":true,"href":"https:\/\/www.innovation.wiki\/de\/wp-json\/wp\/v2\/comments?post=49731"}],"version-history":[{"count":34,"href":"https:\/\/www.innovation.wiki\/de\/wp-json\/wp\/v2\/pages\/49731\/revisions"}],"predecessor-version":[{"id":50373,"href":"https:\/\/www.innovation.wiki\/de\/wp-json\/wp\/v2\/pages\/49731\/revisions\/50373"}],"wp:attachment":[{"href":"https:\/\/www.innovation.wiki\/de\/wp-json\/wp\/v2\/media?parent=49731"}],"curies":[{"name":"wp","href":"https:\/\/api.w.org\/{rel}","templated":true}]}}