{"id":55017,"date":"2024-09-26T19:44:09","date_gmt":"2024-09-26T19:44:09","guid":{"rendered":"https:\/\/www.innovation.wiki\/?page_id=55017"},"modified":"2026-04-02T06:27:53","modified_gmt":"2026-04-02T06:27:53","slug":"business-model-helper","status":"publish","type":"page","link":"https:\/\/www.innovation.wiki\/de\/verrocchioai\/business-model-helper\/","title":{"rendered":"Business Model Helper"},"content":{"rendered":"\t\t<div data-elementor-type=\"wp-page\" data-elementor-id=\"55017\" class=\"elementor elementor-55017\" data-elementor-post-type=\"page\">\n\t\t\t\t\t\t<section data-dce-background-color=\"#017572\" class=\"elementor-section elementor-top-section elementor-element elementor-element-6605223 elementor-section-boxed elementor-section-height-default elementor-section-height-default\" data-id=\"6605223\" data-element_type=\"section\" data-e-type=\"section\" data-settings=\"{&quot;background_background&quot;:&quot;gradient&quot;}\">\n\t\t\t\t\t\t<div class=\"elementor-container elementor-column-gap-default\">\n\t\t\t\t\t<div class=\"elementor-column elementor-col-50 elementor-top-column elementor-element elementor-element-1594e8f\" data-id=\"1594e8f\" data-element_type=\"column\" data-e-type=\"column\">\n\t\t\t<div class=\"elementor-widget-wrap elementor-element-populated\">\n\t\t\t\t\t\t<div class=\"elementor-element elementor-element-82ece9e elementor-widget elementor-widget-image\" data-id=\"82ece9e\" data-element_type=\"widget\" data-e-type=\"widget\" data-widget_type=\"image.default\">\n\t\t\t\t<div class=\"elementor-widget-container\">\n\t\t\t\t\t\t\t\t\t\t\t\t\t\t\t<img fetchpriority=\"high\" decoding=\"async\" width=\"400\" height=\"400\" src=\"https:\/\/www.innovation.wiki\/wp-content\/uploads\/2024\/11\/Business-Model-Helper.png\" class=\"attachment-large size-large wp-image-56461\" alt=\"\" srcset=\"https:\/\/www.innovation.wiki\/wp-content\/uploads\/2024\/11\/Business-Model-Helper.png 400w, https:\/\/www.innovation.wiki\/wp-content\/uploads\/2024\/11\/Business-Model-Helper-300x300.png 300w, https:\/\/www.innovation.wiki\/wp-content\/uploads\/2024\/11\/Business-Model-Helper-150x150.png 150w\" sizes=\"(max-width: 400px) 100vw, 400px\" title=\"-\">\t\t\t\t\t\t\t\t\t\t\t\t\t\t\t<\/div>\n\t\t\t\t<\/div>\n\t\t\t\t\t<\/div>\n\t\t<\/div>\n\t\t\t\t<div class=\"elementor-column elementor-col-50 elementor-top-column elementor-element elementor-element-936f760\" data-id=\"936f760\" data-element_type=\"column\" data-e-type=\"column\">\n\t\t\t<div class=\"elementor-widget-wrap elementor-element-populated\">\n\t\t\t\t\t\t<div class=\"elementor-element elementor-element-3ae05c5 elementor-widget elementor-widget-spacer\" data-id=\"3ae05c5\" data-element_type=\"widget\" data-e-type=\"widget\" data-widget_type=\"spacer.default\">\n\t\t\t\t<div class=\"elementor-widget-container\">\n\t\t\t\t\t\t\t<div class=\"elementor-spacer\">\n\t\t\t<div class=\"elementor-spacer-inner\"><\/div>\n\t\t<\/div>\n\t\t\t\t\t\t<\/div>\n\t\t\t\t<\/div>\n\t\t\t\t<div data-dce-title-color=\"#FFFFFF\" class=\"elementor-element elementor-element-3673e73 elementor-widget elementor-widget-heading\" data-id=\"3673e73\" data-element_type=\"widget\" data-e-type=\"widget\" data-widget_type=\"heading.default\">\n\t\t\t\t<div class=\"elementor-widget-container\">\n\t\t\t\t\t<h1 class=\"elementor-heading-title elementor-size-default\">Business Model Helper\u200b<\/h1>\t\t\t\t<\/div>\n\t\t\t\t<\/div>\n\t\t\t\t<div data-dce-title-color=\"#FFFFFF\" class=\"elementor-element elementor-element-3ec1186 elementor-widget elementor-widget-heading\" data-id=\"3ec1186\" data-element_type=\"widget\" data-e-type=\"widget\" data-widget_type=\"heading.default\">\n\t\t\t\t<div class=\"elementor-widget-container\">\n\t\t\t\t\t<h2 class=\"elementor-heading-title elementor-size-default\">Variantenreiche Gesch\u00e4ftsmodellinnovationen\u200b<\/h2>\t\t\t\t<\/div>\n\t\t\t\t<\/div>\n\t\t\t\t\t<\/div>\n\t\t<\/div>\n\t\t\t\t\t<\/div>\n\t\t<\/section>\n\t\t\t\t<section data-dce-background-color=\"#F8FAFC\" class=\"elementor-section elementor-top-section elementor-element elementor-element-043b65c elementor-section-boxed elementor-section-height-default elementor-section-height-default\" data-id=\"043b65c\" data-element_type=\"section\" data-e-type=\"section\" data-settings=\"{&quot;background_background&quot;:&quot;classic&quot;}\">\n\t\t\t\t\t\t<div class=\"elementor-container elementor-column-gap-default\">\n\t\t\t\t\t<div class=\"elementor-column elementor-col-25 elementor-top-column elementor-element elementor-element-0d20c58\" data-id=\"0d20c58\" data-element_type=\"column\" data-e-type=\"column\">\n\t\t\t<div class=\"elementor-widget-wrap elementor-element-populated\">\n\t\t\t\t\t\t<div data-dce-background-color=\"#54595F\" class=\"elementor-element elementor-element-3d8aee6 elementor-align-justify elementor-widget elementor-widget-button\" data-id=\"3d8aee6\" data-element_type=\"widget\" data-e-type=\"widget\" data-widget_type=\"button.default\">\n\t\t\t\t<div class=\"elementor-widget-container\">\n\t\t\t\t\t\t\t\t\t<div class=\"elementor-button-wrapper\">\n\t\t\t\t\t<a class=\"elementor-button elementor-button-link elementor-size-sm\" href=\"https:\/\/www.innovation.wiki\/de\/verrocchioai\/\" data-wpel-link=\"internal\">\n\t\t\t\t\t\t<span class=\"elementor-button-content-wrapper\">\n\t\t\t\t\t\t\t\t\t<span class=\"elementor-button-text\">&lt;&lt; verrocchio AI - alle Tools<\/span>\n\t\t\t\t\t<\/span>\n\t\t\t\t\t<\/a>\n\t\t\t\t<\/div>\n\t\t\t\t\t\t\t\t<\/div>\n\t\t\t\t<\/div>\n\t\t\t\t\t<\/div>\n\t\t<\/div>\n\t\t\t\t<div class=\"elementor-column elementor-col-25 elementor-top-column elementor-element elementor-element-49f86d1\" data-id=\"49f86d1\" data-element_type=\"column\" data-e-type=\"column\">\n\t\t\t<div class=\"elementor-widget-wrap\">\n\t\t\t\t\t\t\t<\/div>\n\t\t<\/div>\n\t\t\t\t<div class=\"elementor-column elementor-col-25 elementor-top-column elementor-element elementor-element-e573ac0\" data-id=\"e573ac0\" data-element_type=\"column\" data-e-type=\"column\">\n\t\t\t<div class=\"elementor-widget-wrap\">\n\t\t\t\t\t\t\t<\/div>\n\t\t<\/div>\n\t\t\t\t<div class=\"elementor-column elementor-col-25 elementor-top-column elementor-element elementor-element-6037be5\" data-id=\"6037be5\" data-element_type=\"column\" data-e-type=\"column\">\n\t\t\t<div class=\"elementor-widget-wrap\">\n\t\t\t\t\t\t\t<\/div>\n\t\t<\/div>\n\t\t\t\t\t<\/div>\n\t\t<\/section>\n\t\t\t\t<section data-dce-background-color=\"#F8FAFC\" class=\"elementor-section elementor-top-section elementor-element elementor-element-8ac1678 elementor-section-boxed elementor-section-height-default elementor-section-height-default\" data-id=\"8ac1678\" data-element_type=\"section\" data-e-type=\"section\" data-settings=\"{&quot;background_background&quot;:&quot;classic&quot;}\">\n\t\t\t\t\t\t<div class=\"elementor-container elementor-column-gap-default\">\n\t\t\t\t\t<div class=\"elementor-column elementor-col-100 elementor-top-column elementor-element elementor-element-de6644c\" data-id=\"de6644c\" data-element_type=\"column\" data-e-type=\"column\">\n\t\t\t<div class=\"elementor-widget-wrap elementor-element-populated\">\n\t\t\t\t\t\t<div class=\"elementor-element elementor-element-625107b elementor-widget elementor-widget-text-editor\" data-id=\"625107b\" data-element_type=\"widget\" data-e-type=\"widget\" data-widget_type=\"text-editor.default\">\n\t\t\t\t<div class=\"elementor-widget-container\">\n\t\t\t\t\t\t\t\t\t<p>Der&nbsp;<strong>Business Model Helper<\/strong>, ist Dein smarter Assistent f\u00fcr die Entwicklung, Analyse und Optimierung von Gesch\u00e4ftsmodellen! Egal, ob du dein bestehendes Modell verbessern oder ganz neue Ideen entwickeln m\u00f6chtest \u2013 dieses KI-Tool hilft dir dabei, deine Vision strukturiert und zielgerichtet zu verwirklichen.<\/p>\n<p>Mit dem Business Model Helper kannst du:<\/p>\n<ul>\n<li>Dein aktuelles Gesch\u00e4ftsmodell klar und \u00fcbersichtlich in einem&nbsp;<a href=\"https:\/\/www.innovation.wiki\/de\/method\/business-model-canvas\/\" data-wpel-link=\"internal\">Business Model Canvas<\/a>&nbsp;darstellen<\/li>\n<li>Innovative Ideen und neue Gesch\u00e4ftsans\u00e4tze entdecken, die dein Unternehmen nach vorne bringen<\/li>\n<li>Drei spannende Varianten deines Gesch\u00e4ftsmodells erhalten, um frische Perspektiven und Chancen zu erkunden<\/li>\n<\/ul>\n<p>Ob du gerade gr\u00fcndest oder bereits ein etabliertes Unternehmen f\u00fchrst \u2013 der Business Model Helper liefert dir kreative und praxisnahe L\u00f6sungen, die auf deine Bed\u00fcrfnisse zugeschnitten sind. Starte jetzt und bring dein Gesch\u00e4ftsmodell auf das n\u00e4chste Level!<\/p><p>Beispieleingabe: Ich m\u00f6chte Zahnb\u00fcrsten aus nachhaltigen Materialien herstellen und online verkaufen.&nbsp;<\/p>\t\t\t\t\t\t\t\t<\/div>\n\t\t\t\t<\/div>\n\t\t\t\t\t<\/div>\n\t\t<\/div>\n\t\t\t\t\t<\/div>\n\t\t<\/section>\n\t\t\t\t<section data-dce-background-color=\"#000000\" class=\"elementor-section elementor-top-section elementor-element elementor-element-25198c7 elementor-section-boxed elementor-section-height-default elementor-section-height-default\" data-id=\"25198c7\" data-element_type=\"section\" data-e-type=\"section\" data-settings=\"{&quot;background_background&quot;:&quot;classic&quot;}\">\n\t\t\t\t\t\t<div class=\"elementor-container elementor-column-gap-default\">\n\t\t\t\t\t<div class=\"elementor-column elementor-col-50 elementor-top-column elementor-element elementor-element-43dae57\" data-id=\"43dae57\" data-element_type=\"column\" data-e-type=\"column\">\n\t\t\t<div class=\"elementor-widget-wrap elementor-element-populated\">\n\t\t\t\t\t\t<div class=\"elementor-element elementor-element-b8a58db elementor-widget__width-initial elementor-widget elementor-widget-image\" data-id=\"b8a58db\" data-element_type=\"widget\" data-e-type=\"widget\" data-widget_type=\"image.default\">\n\t\t\t\t<div class=\"elementor-widget-container\">\n\t\t\t\t\t\t\t\t\t\t\t\t\t\t\t<img decoding=\"async\" width=\"256\" height=\"256\" src=\"https:\/\/www.innovation.wiki\/wp-content\/uploads\/2024\/09\/Robot_Sorry_verrocchioAI.jpg\" class=\"attachment-large size-large wp-image-54918\" alt=\"\" srcset=\"https:\/\/www.innovation.wiki\/wp-content\/uploads\/2024\/09\/Robot_Sorry_verrocchioAI.jpg 256w, https:\/\/www.innovation.wiki\/wp-content\/uploads\/2024\/09\/Robot_Sorry_verrocchioAI-150x150.jpg 150w\" sizes=\"(max-width: 256px) 100vw, 256px\" title=\"-\">\t\t\t\t\t\t\t\t\t\t\t\t\t\t\t<\/div>\n\t\t\t\t<\/div>\n\t\t\t\t\t<\/div>\n\t\t<\/div>\n\t\t\t\t<div class=\"elementor-column elementor-col-50 elementor-top-column elementor-element elementor-element-c842d26\" data-id=\"c842d26\" data-element_type=\"column\" data-e-type=\"column\">\n\t\t\t<div class=\"elementor-widget-wrap elementor-element-populated\">\n\t\t\t\t\t\t<div data-dce-text-color=\"#FFFFFF\" class=\"elementor-element elementor-element-81244be elementor-widget elementor-widget-text-editor\" data-id=\"81244be\" data-element_type=\"widget\" data-e-type=\"widget\" data-widget_type=\"text-editor.default\">\n\t\t\t\t<div class=\"elementor-widget-container\">\n\t\t\t\t\t\t\t\t\t<p><strong>F\u00fcr die Nutzung der verrocchio AI ist ein PRO Account notwendig. <\/strong><br \/><strong>Sichere Dir jetzt direkt Deinen Zugriff zum Starterpreis\u00a0<\/strong><strong style=\"font-family: var(--global-body-font-family);\">oder melde dich mit Deinem Account an!<\/strong><\/p>\t\t\t\t\t\t\t\t<\/div>\n\t\t\t\t<\/div>\n\t\t\t\t<div class=\"elementor-element elementor-element-01e79a9 elementor-widget elementor-widget-button\" data-id=\"01e79a9\" data-element_type=\"widget\" data-e-type=\"widget\" data-widget_type=\"button.default\">\n\t\t\t\t<div class=\"elementor-widget-container\">\n\t\t\t\t\t\t\t\t\t<div class=\"elementor-button-wrapper\">\n\t\t\t\t\t<a class=\"elementor-button elementor-button-link elementor-size-sm\" href=\"https:\/\/www.innovation.wiki\/de\/pricing\/\" data-wpel-link=\"internal\">\n\t\t\t\t\t\t<span class=\"elementor-button-content-wrapper\">\n\t\t\t\t\t\t\t\t\t<span class=\"elementor-button-text\">Go Pro<\/span>\n\t\t\t\t\t<\/span>\n\t\t\t\t\t<\/a>\n\t\t\t\t<\/div>\n\t\t\t\t\t\t\t\t<\/div>\n\t\t\t\t<\/div>\n\t\t\t\t\t<\/div>\n\t\t<\/div>\n\t\t\t\t\t<\/div>\n\t\t<\/section>\n\t\t\t\t<section data-dce-background-color=\"#F8FAFC\" class=\"elementor-section elementor-top-section elementor-element elementor-element-b174b55 elementor-section-boxed elementor-section-height-default elementor-section-height-default\" data-id=\"b174b55\" data-element_type=\"section\" data-e-type=\"section\" data-settings=\"{&quot;background_background&quot;:&quot;classic&quot;}\">\n\t\t\t\t\t\t<div class=\"elementor-container elementor-column-gap-default\">\n\t\t\t\t\t<div data-dce-background-color=\"#FFFFFF\" class=\"elementor-column elementor-col-50 elementor-top-column elementor-element elementor-element-2542c9d\" data-id=\"2542c9d\" data-element_type=\"column\" data-e-type=\"column\" data-settings=\"{&quot;background_background&quot;:&quot;classic&quot;}\">\n\t\t\t<div class=\"elementor-widget-wrap\">\n\t\t\t\t\t\t\t<\/div>\n\t\t<\/div>\n\t\t\t\t<div data-dce-background-color=\"#FFFFFF\" class=\"elementor-column elementor-col-50 elementor-top-column elementor-element elementor-element-cd101fb\" data-id=\"cd101fb\" data-element_type=\"column\" data-e-type=\"column\" data-settings=\"{&quot;background_background&quot;:&quot;classic&quot;}\">\n\t\t\t<div class=\"elementor-widget-wrap\">\n\t\t\t\t\t\t\t<\/div>\n\t\t<\/div>\n\t\t\t\t\t<\/div>\n\t\t<\/section>\n\t\t\t\t<\/div>\n\t\t","protected":false},"excerpt":{"rendered":"<p>Business Model Helper\u200b Variantenreiche Gesch\u00e4ftsmodellinnovationen\u200b &lt;&lt; verrocchio AI &#8211; alle Tools Der&nbsp;Business Model Helper, ist Dein smarter Assistent f\u00fcr die Entwicklung, Analyse und Optimierung von Gesch\u00e4ftsmodellen! Egal, ob du dein bestehendes Modell verbessern oder ganz neue Ideen entwickeln m\u00f6chtest \u2013 dieses KI-Tool hilft dir dabei, deine Vision strukturiert und zielgerichtet zu verwirklichen. Mit dem Business&#8230;<\/p>\n","protected":false},"author":1,"featured_media":0,"parent":54511,"menu_order":0,"comment_status":"closed","ping_status":"closed","template":"","meta":{"_surecart_dashboard_logo_width":"180px","_surecart_dashboard_show_logo":true,"_surecart_dashboard_navigation_orders":true,"_surecart_dashboard_navigation_invoices":true,"_surecart_dashboard_navigation_subscriptions":true,"_surecart_dashboard_navigation_downloads":true,"_surecart_dashboard_navigation_billing":true,"_surecart_dashboard_navigation_account":true,"_kad_post_transparent":"","_kad_post_title":"hide","_kad_post_layout":"fullwidth","_kad_post_sidebar_id":"","_kad_post_content_style":"unboxed","_kad_post_vertical_padding":"hide","_kad_post_feature":"hide","_kad_post_feature_position":"","_kad_post_header":false,"_kad_post_footer":false,"_kad_post_classname":"","footnotes":""},"class_list":["post-55017","page","type-page","status-publish","hentry"],"_links":{"self":[{"href":"https:\/\/www.innovation.wiki\/de\/wp-json\/wp\/v2\/pages\/55017","targetHints":{"allow":["GET"]}}],"collection":[{"href":"https:\/\/www.innovation.wiki\/de\/wp-json\/wp\/v2\/pages"}],"about":[{"href":"https:\/\/www.innovation.wiki\/de\/wp-json\/wp\/v2\/types\/page"}],"author":[{"embeddable":true,"href":"https:\/\/www.innovation.wiki\/de\/wp-json\/wp\/v2\/users\/1"}],"replies":[{"embeddable":true,"href":"https:\/\/www.innovation.wiki\/de\/wp-json\/wp\/v2\/comments?post=55017"}],"version-history":[{"count":31,"href":"https:\/\/www.innovation.wiki\/de\/wp-json\/wp\/v2\/pages\/55017\/revisions"}],"predecessor-version":[{"id":59948,"href":"https:\/\/www.innovation.wiki\/de\/wp-json\/wp\/v2\/pages\/55017\/revisions\/59948"}],"up":[{"embeddable":true,"href":"https:\/\/www.innovation.wiki\/de\/wp-json\/wp\/v2\/pages\/54511"}],"wp:attachment":[{"href":"https:\/\/www.innovation.wiki\/de\/wp-json\/wp\/v2\/media?parent=55017"}],"curies":[{"name":"wp","href":"https:\/\/api.w.org\/{rel}","templated":true}]}}