{"id":56265,"date":"2024-10-27T12:54:05","date_gmt":"2024-10-27T12:54:05","guid":{"rendered":"https:\/\/www.innovation.wiki\/?page_id=56265"},"modified":"2025-11-25T08:32:46","modified_gmt":"2025-11-25T08:32:46","slug":"methodensuche","status":"publish","type":"page","link":"https:\/\/www.innovation.wiki\/de\/methodensuche\/","title":{"rendered":"\u00dcberblick Methodensuche"},"content":{"rendered":"\t\t<div data-elementor-type=\"wp-page\" data-elementor-id=\"56265\" class=\"elementor elementor-56265\" data-elementor-post-type=\"page\">\n\t\t\t\t\t\t<section data-dce-background-color=\"#EAEAEA\" class=\"elementor-section elementor-top-section elementor-element elementor-element-34deec8 elementor-section-boxed elementor-section-height-default elementor-section-height-default\" data-id=\"34deec8\" data-element_type=\"section\" data-e-type=\"section\" data-settings=\"{&quot;background_background&quot;:&quot;classic&quot;}\">\n\t\t\t\t\t\t<div class=\"elementor-container elementor-column-gap-default\">\n\t\t\t\t\t<div data-dce-background-color=\"#FFFFFF\" class=\"elementor-column elementor-col-100 elementor-top-column elementor-element elementor-element-59099e6\" data-id=\"59099e6\" data-element_type=\"column\" data-e-type=\"column\" data-settings=\"{&quot;background_background&quot;:&quot;classic&quot;}\">\n\t\t\t<div class=\"elementor-widget-wrap elementor-element-populated\">\n\t\t\t\t\t\t<div class=\"elementor-element elementor-element-78a096d elementor-widget elementor-widget-heading\" data-id=\"78a096d\" data-element_type=\"widget\" data-e-type=\"widget\" data-widget_type=\"heading.default\">\n\t\t\t\t<div class=\"elementor-widget-container\">\n\t\t\t\t\t<h2 class=\"elementor-heading-title elementor-size-default\">\u00dcberblick Methodensuchen<\/h2>\t\t\t\t<\/div>\n\t\t\t\t<\/div>\n\t\t\t\t<div class=\"elementor-element elementor-element-3c9899c elementor-widget elementor-widget-text-editor\" data-id=\"3c9899c\" data-element_type=\"widget\" data-e-type=\"widget\" data-widget_type=\"text-editor.default\">\n\t\t\t\t<div class=\"elementor-widget-container\">\n\t\t\t\t\t\t\t\t\t<p>Hier findest Du alle Suchseiten, die f\u00fcr Deinen Account freigeschaltet sind. Klick einfach auf das passende Bild.&nbsp;&nbsp;<br><a href=\"https:\/\/www.innovation.wiki\/de\/pricing\/\" data-wpel-link=\"internal\">Hier<\/a>&nbsp;findest Du alle Upgradem\u00f6glichkeiten.&nbsp;<\/p>\t\t\t\t\t\t\t\t<\/div>\n\t\t\t\t<\/div>\n\t\t\t\t\t<\/div>\n\t\t<\/div>\n\t\t\t\t\t<\/div>\n\t\t<\/section>\n\t\t\t\t<section data-dce-background-color=\"#EAEAEA\" class=\"elementor-section elementor-top-section elementor-element elementor-element-451b6ad elementor-section-boxed elementor-section-height-default elementor-section-height-default\" data-id=\"451b6ad\" data-element_type=\"section\" data-e-type=\"section\" data-settings=\"{&quot;background_background&quot;:&quot;classic&quot;}\">\n\t\t\t\t\t\t<div class=\"elementor-container elementor-column-gap-default\">\n\t\t\t\t\t<div data-dce-background-color=\"#FFFFFF\" class=\"elementor-column elementor-col-100 elementor-top-column elementor-element elementor-element-677b2ce\" data-id=\"677b2ce\" data-element_type=\"column\" data-e-type=\"column\" data-settings=\"{&quot;background_background&quot;:&quot;classic&quot;}\">\n\t\t\t<div class=\"elementor-widget-wrap elementor-element-populated\">\n\t\t\t\t\t\t<div class=\"elementor-element elementor-element-d521876 elementor-widget elementor-widget-text-editor\" data-id=\"d521876\" data-element_type=\"widget\" data-e-type=\"widget\" data-widget_type=\"text-editor.default\">\n\t\t\t\t<div class=\"elementor-widget-container\">\n\t\t\t\t\t\t\t\t\t<p>Aktuell hast Du noch keinen Account.\u00a0 <a href=\"https:\/\/www.innovation.wiki\/de\/registrieren\/\" data-wpel-link=\"internal\">Hier<\/a> kannst Du dich kostenfrei registrieren.\u00a0<\/p>\t\t\t\t\t\t\t\t<\/div>\n\t\t\t\t<\/div>\n\t\t\t\t\t<\/div>\n\t\t<\/div>\n\t\t\t\t\t<\/div>\n\t\t<\/section>\n\t\t\t\t<section data-dce-background-color=\"#EAEAEA\" class=\"elementor-section elementor-top-section elementor-element elementor-element-7c181bf elementor-section-boxed elementor-section-height-default elementor-section-height-default\" data-id=\"7c181bf\" data-element_type=\"section\" data-e-type=\"section\" data-settings=\"{&quot;background_background&quot;:&quot;classic&quot;}\">\n\t\t\t\t\t\t<div class=\"elementor-container elementor-column-gap-default\">\n\t\t\t\t\t<div class=\"elementor-column elementor-col-100 elementor-top-column elementor-element elementor-element-43e5ebb\" data-id=\"43e5ebb\" data-element_type=\"column\" data-e-type=\"column\">\n\t\t\t<div class=\"elementor-widget-wrap elementor-element-populated\">\n\t\t\t\t\t\t<div class=\"elementor-element elementor-element-907b9f6 elementor-widget elementor-widget-spacer\" data-id=\"907b9f6\" data-element_type=\"widget\" data-e-type=\"widget\" data-widget_type=\"spacer.default\">\n\t\t\t\t<div class=\"elementor-widget-container\">\n\t\t\t\t\t\t\t<div class=\"elementor-spacer\">\n\t\t\t<div class=\"elementor-spacer-inner\"><\/div>\n\t\t<\/div>\n\t\t\t\t\t\t<\/div>\n\t\t\t\t<\/div>\n\t\t\t\t\t<\/div>\n\t\t<\/div>\n\t\t\t\t\t<\/div>\n\t\t<\/section>\n\t\t\t\t<\/div>\n\t\t","protected":false},"excerpt":{"rendered":"<p>\u00dcberblick Methodensuchen Hier findest Du alle Suchseiten, die f\u00fcr Deinen Account freigeschaltet sind. Klick einfach auf das passende Bild.&nbsp;&nbsp;Hier&nbsp;findest Du alle Upgradem\u00f6glichkeiten.&nbsp; Aktuell hast Du noch keinen Account.\u00a0 Hier kannst Du dich kostenfrei registrieren.\u00a0<\/p>\n","protected":false},"author":1,"featured_media":0,"parent":0,"menu_order":0,"comment_status":"closed","ping_status":"closed","template":"","meta":{"_surecart_dashboard_logo_width":"180px","_surecart_dashboard_show_logo":true,"_surecart_dashboard_navigation_orders":true,"_surecart_dashboard_navigation_invoices":true,"_surecart_dashboard_navigation_subscriptions":true,"_surecart_dashboard_navigation_downloads":true,"_surecart_dashboard_navigation_billing":true,"_surecart_dashboard_navigation_account":true,"_kad_post_transparent":"","_kad_post_title":"hide","_kad_post_layout":"fullwidth","_kad_post_sidebar_id":"","_kad_post_content_style":"unboxed","_kad_post_vertical_padding":"hide","_kad_post_feature":"hide","_kad_post_feature_position":"","_kad_post_header":false,"_kad_post_footer":false,"_kad_post_classname":"","footnotes":""},"class_list":["post-56265","page","type-page","status-publish","hentry"],"_links":{"self":[{"href":"https:\/\/www.innovation.wiki\/de\/wp-json\/wp\/v2\/pages\/56265","targetHints":{"allow":["GET"]}}],"collection":[{"href":"https:\/\/www.innovation.wiki\/de\/wp-json\/wp\/v2\/pages"}],"about":[{"href":"https:\/\/www.innovation.wiki\/de\/wp-json\/wp\/v2\/types\/page"}],"author":[{"embeddable":true,"href":"https:\/\/www.innovation.wiki\/de\/wp-json\/wp\/v2\/users\/1"}],"replies":[{"embeddable":true,"href":"https:\/\/www.innovation.wiki\/de\/wp-json\/wp\/v2\/comments?post=56265"}],"version-history":[{"count":73,"href":"https:\/\/www.innovation.wiki\/de\/wp-json\/wp\/v2\/pages\/56265\/revisions"}],"predecessor-version":[{"id":59887,"href":"https:\/\/www.innovation.wiki\/de\/wp-json\/wp\/v2\/pages\/56265\/revisions\/59887"}],"wp:attachment":[{"href":"https:\/\/www.innovation.wiki\/de\/wp-json\/wp\/v2\/media?parent=56265"}],"curies":[{"name":"wp","href":"https:\/\/api.w.org\/{rel}","templated":true}]}}